{"id":1825,"date":"2017-07-26T09:23:49","date_gmt":"2017-07-26T09:23:49","guid":{"rendered":"http:\/\/demo2.steelthemes.com\/cargohub\/?page_id=1825"},"modified":"2020-03-11T16:30:30","modified_gmt":"2020-03-11T16:30:30","slug":"faqs","status":"publish","type":"page","link":"https:\/\/aerobox.com\/cl\/faqs\/","title":{"rendered":"Preguntas Frecuentes"},"content":{"rendered":"<p>[vc_row css=&#8221;.vc_custom_1572348382185{margin-top: 65px !important;}&#8221;][vc_column width=&#8221;1\/2&#8243; css=&#8221;.vc_custom_1502854296110{padding-right: 65px !important;padding-bottom: 30px !important;}&#8221; offset=&#8221;vc_col-lg-6 vc_col-md-6&#8243;][vc_tta_accordion active_section=&#8221;1&#8243;][vc_tta_section title=&#8221;\u00bfCOMO HAGO PARA COMPRAR CON AEROBOX?&#8221; tab_id=&#8221;1455412622472-0f79fd9f-6a2f&#8221;][vc_column_text]Para poder realizar un env\u00edo con nosotros, primero que nada debe registrarse en nuestra web: <a href=\"https:\/\/aerobox.com\/cl\">https:\/\/aerobox.com\/cl<\/a><\/p>\n<p>Luego de registrado, la p\u00e1gina le proveer\u00e1 su propia direcci\u00f3n en Miami (suite). Cuando le pidan una direcci\u00f3n de entrega en la p\u00e1gina que quiera comprar en USA, China o cualquier pa\u00eds del mundo, usted presenta la direcci\u00f3n que nosotros le dimos, y listo![\/vc_column_text][\/vc_tta_section][vc_tta_section title=&#8221;\u00bfCOMO HAGO PARA SABER SI MIS COMPRAS FUERON RECIBIDAS EN AEROBOX MIAMI?&#8221; tab_id=&#8221;1502461317462-55416f97-7af1&#8243;][vc_column_text]Cada vez que usted env\u00ede una compra a su suite en Aerobox, debe completar la prealerta en su perfil. De esta forma, cada vez que una compra llegue a su direcci\u00f3n en Miami le notificaremos via email y se le enviar\u00e1 la foto de todos los productos tal cual llegaron, el detalle del peso, valor, etc.<\/p>\n<p>Usualmente este proceso se realiza dentro de las 24hs. siguientes a la recepci\u00f3n de los paquetes, por lo que luego de ese plazo se le enviar\u00e1 toda la informaci\u00f3n antes detallada.[\/vc_column_text][\/vc_tta_section][vc_tta_section title=&#8221;\u00bfCOMO HAGO PARA PREALERTAR MIS COMPRAS EN AEROBOX?&#8221; tab_id=&#8221;1502461272091-fef48cbb-1fc3&#8243;][vc_column_text]Para prealertar sus compras, los pasos a seguir son los siguientes: una vez que su proveedor le informe el n\u00famero de tracking de su pedido, debe ingresar a su perfil de Aerobox secci\u00f3n \u201ccompras\u201d, y apretar el bot\u00f3n \u201cagregar compras en tr\u00e1nsito\u201d<\/p>\n<p>Debe llenar todos los campos del formulario, en el campo \u201cfactura comercial\u201d debe subir la factura que le envi\u00f3 su proveedor via email al comprar, adonde figura descripci\u00f3n y valor del producto.<\/p>\n<p>Luego de enviar este formulario listo! Una vez que lleguen sus productos a nuestro warehouse, le llegar\u00e1 un email con la foto del producto, descripci\u00f3n, etc. (Usualmente nos lleva 24hs enviarle toda esta informaci\u00f3n desde que recibimos sus productos)[\/vc_column_text][\/vc_tta_section][vc_tta_section title=&#8221;\u00bfYA RECIBIERON MIS COMPRAS EN AEROBOX MIAMI, EN CUANTO TIEMPO LLEGAN A CHILE?&#8221; tab_id=&#8221;1502461405272-59c71bb8-18ff&#8221;][vc_column_text]Una vez que sus compras son recibidas en nuestro dep\u00f3sito, usted recibir\u00e1 un email con la foto y el detalle de la compra recibida, usted puede ingresar a su cuenta usando su usuario y contrase\u00f1a y ver todas sus compras en Miami desde la pesta\u00f1a &#8220;Paquetes&#8221;.<\/p>\n<p>Cada paquete recibido tendr\u00e1 asignado un n\u00famero de recepci\u00f3n en nuestro warehouse, este n\u00famero tendr\u00e1 el formato \u201cWRxxxxx\u201d y usted debe referirse a este n\u00famero por cualquier consulta que nos quiera hacer sobre el mismo.<\/p>\n<p>Con Aerobox, es usted quien decide cuando enviar sus compras. Una vez que decida enviar, entonces debe seleccionar todos sus paquetes disponibles y apretar el bot\u00f3n \u201csolicitar env\u00edo\u201d. All\u00ed consolidaremos todas sus compras en una sola caja y las enviamos en el enviamos en el pr\u00f3ximo vuelo hacia Chile<\/p>\n<p>Nosotros llegamos a CHILE los d\u00edas lunes y jueves por lo que sus compras estar\u00e1n disponibles en las oficinas de Aerobox una vez arribado el vuelo correspondiente, y desde all\u00ed se comunicar\u00e1n con usted v\u00eda email para coordinar el pago, y el retiro o el env\u00edo adonde nos indique, en cualquier parte del pa\u00eds.[\/vc_column_text][\/vc_tta_section][vc_tta_section title=&#8221;\u00bfMI PRODUCTO FUE RECIBIDO POR AEROBOX, PERO NO FIGURA EN MI PERFIL, QUE DEBO HACER?&#8221; tab_id=&#8221;1502461456427-17eda9f8-0d95&#8243;][vc_column_text]Debido a la gran cantidad de compras que recibimos a diario, nos lleva un promedio de 24 horas h\u00e1biles procesar todo como para que quede reflejado en el sistema. Si a\u00fan pasado ese tiempo sus compras siguen sin aparecer en su perfil, debe usted corroborar en su orden de compra si ha indicado correctamente su n\u00famero de suite en la direcci\u00f3n de env\u00edo.<\/p>\n<p>Si el n\u00famero de suite esta correcto, el n\u00famero de tracking fue prealertado y figura como recibido, entonces deber\u00e1 comunicarse v\u00eda mail a comercial@aerobox.com, incluyendo en el email el n\u00famero de tracking, y la descripci\u00f3n del producto.[\/vc_column_text][\/vc_tta_section][vc_tta_section title=&#8221;\u00bfCOMO HAGO PARA SABER CUANTO PAGAR\u00c9 POR MIS COMPRAS?&#8221; tab_id=&#8221;1455412622689-6196cbb0-5ae2&#8243;][vc_column_text]Para cotizar sus env\u00edos usted debe ingresar a nuestra calculadora de env\u00edos. La misma la encontrar\u00e1 en:\u00a0 <a href=\"https:\/\/aerobox.com\/cl\/calculadora\/\">https:\/\/aerobox.com\/cl\/calculadora\/<\/a>[\/vc_column_text][\/vc_tta_section][vc_tta_section title=&#8221;\u00bfCOMO PAGO MIS ENV\u00cdOS?&#8221; tab_id=&#8221;1455412710305-475f32ab-2721&#8243;][vc_column_text]Una vez que sus productos lleguen al pa\u00eds, nuestro equipo lo contactar\u00e1 via email para coordinar el retiro personalmente o el env\u00edo a cualquier punto del pa\u00eds.<\/p>\n<p>En ese momento puede tambi\u00e9n coordinar el pago de sus env\u00edos.<\/p>\n<p>El pago puede hacerlo en d\u00f3lares, en pesos a la cotizaci\u00f3n del d\u00eda, por transferencia, o dep\u00f3sito bancario.[\/vc_column_text][\/vc_tta_section][vc_tta_section title=&#8221;\u00bfRECIBIERON UNA DE MIS COMPRAS PERO FUE CLASIFICADA COMO \u201cRETENIDA EN MIAMI\u201d. QUE DEBO HACER?&#8221; tab_id=&#8221;1455412974398-de6cfc8d-3895&#8243;][vc_column_text]Algunos productos tienen el ingreso prohibido al pa\u00eds, como es el caso, por ejemplo, de cosm\u00e9ticos, alcoholes, cremas, perfumes.<\/p>\n<p>En el caso que usted haya enviado alguno de estos productos a nuestro dep\u00f3sito, al recibirlo nuestro equipo lo separar\u00e1 y le llegar\u00e1 un email indicando que su compra contiene productos prohibidos. Usted deber\u00e1 tramitar la devoluci\u00f3n con su proveedor. Tambi\u00e9n tiene la opci\u00f3n de pedirnos que lo enviemos a otra direcci\u00f3n (con costo adicional) o que lo descartemos.[\/vc_column_text][\/vc_tta_section][vc_tta_section title=&#8221;\u00bfCOMO HAGO PARA TRAMITAR LA DEVOLUCI\u00d3N DE UN PRODUCTO PROHIBIDO?&#8221; tab_id=&#8221;1455413016790-740676ab-d9ce&#8221;][vc_column_text]Para tramitar la devoluci\u00f3n con su proveedor, usted debe contactarse con \u00e9l y solicitar la devoluci\u00f3n correspondiente.<\/p>\n<p>Su proveedor proceder\u00e1 a enviarle una etiqueta de devoluci\u00f3n por email.<\/p>\n<p>[\/vc_column_text][\/vc_tta_section][\/vc_tta_accordion][vc_empty_space height=&#8221;80px&#8221;][\/vc_column][vc_column width=&#8221;1\/2&#8243; css=&#8221;.vc_custom_1502854232254{padding-bottom: 80px !important;padding-left: 65px !important;background-color: #f7f7f7 !important;}&#8221; offset=&#8221;vc_col-lg-6 vc_col-md-6&#8243;][vc_row_inner el_class=&#8221;faq-form&#8221;][vc_column_inner][vc_empty_space height=&#8221;80px&#8221;][vc_column_text]<\/p>\n<h3 style=\"font-size: 26px; font-weight: 600; color: #222; margin: 0;\">\u00bf TIENES OTRA PREGUNTA ?<\/h3>\n<p>[\/vc_column_text][vc_empty_space height=&#8221;30px&#8221;]<div role=\"form\" class=\"wpcf7\" id=\"wpcf7-f1613-o1\" lang=\"en-US\" dir=\"ltr\">\n<div class=\"screen-reader-response\"><\/div>\n<form action=\"\/cl\/wp-json\/wp\/v2\/pages\/1825#wpcf7-f1613-o1\" method=\"post\" class=\"wpcf7-form\" novalidate=\"novalidate\">\n<div style=\"display: none;\">\n<input type=\"hidden\" name=\"_wpcf7\" value=\"1613\" \/>\n<input type=\"hidden\" name=\"_wpcf7_version\" value=\"5.1.6\" \/>\n<input type=\"hidden\" name=\"_wpcf7_locale\" value=\"en_US\" \/>\n<input type=\"hidden\" name=\"_wpcf7_unit_tag\" value=\"wpcf7-f1613-o1\" \/>\n<input type=\"hidden\" name=\"_wpcf7_container_post\" value=\"0\" \/>\n<\/div>\n<div class=\"fh-form fh-form-2\">\n<p class=\"field\"><span class=\"wpcf7-form-control-wrap your-name\"><input type=\"text\" name=\"your-name\" value=\"\" size=\"40\" class=\"wpcf7-form-control wpcf7-text wpcf7-validates-as-required\" aria-required=\"true\" aria-invalid=\"false\" placeholder=\"Nombre y Apellido\" \/><\/span><\/p>\n<p class=\"field\"><span class=\"wpcf7-form-control-wrap your-email\"><input type=\"email\" name=\"your-email\" value=\"\" size=\"40\" class=\"wpcf7-form-control wpcf7-text wpcf7-email wpcf7-validates-as-required wpcf7-validates-as-email\" aria-required=\"true\" aria-invalid=\"false\" placeholder=\"Direcci\u00f3n de Email\" \/><\/span><\/p>\n<p class=\"field single-field\"><span class=\"wpcf7-form-control-wrap your-message\"><textarea name=\"your-message\" cols=\"40\" rows=\"10\" class=\"wpcf7-form-control wpcf7-textarea\" aria-invalid=\"false\" placeholder=\"Escriba aqu\u00ed su pregunta...\"><\/textarea><\/span><\/p>\n<p class=\"field submit\"><input type=\"submit\" value=\"Enviar Mensaje\" class=\"wpcf7-form-control wpcf7-submit fh-btn\" \/><\/p>\n<\/div>\n<p style=\"display: none !important;\" class=\"akismet-fields-container\" data-prefix=\"_wpcf7_ak_\"><label>&#916;<textarea name=\"_wpcf7_ak_hp_textarea\" cols=\"45\" rows=\"8\" maxlength=\"100\"><\/textarea><\/label><input type=\"hidden\" id=\"ak_js_1\" name=\"_wpcf7_ak_js\" value=\"111\"\/><script>document.getElementById( \"ak_js_1\" ).setAttribute( \"value\", ( new Date() ).getTime() );<\/script><\/p><div class=\"wpcf7-response-output wpcf7-display-none\"><\/div><\/form><\/div>[\/vc_column_inner][\/vc_row_inner][\/vc_column][\/vc_row]<\/p>\n","protected":false},"excerpt":{"rendered":"<p>[vc_row css=&#8221;.vc_custom_1572348382185{margin-top: 65px !important;}&#8221;][vc_column width=&#8221;1\/2&#8243; css=&#8221;.vc_custom_1502854296110{padding-right: 65px !important;padding-bottom: 30px !important;}&#8221; offset=&#8221;vc_col-lg-6 vc_col-md-6&#8243;][vc_tta_accordion active_section=&#8221;1&#8243;][vc_tta_section title=&#8221;\u00bfCOMO HAGO PARA COMPRAR CON AEROBOX?&#8221; tab_id=&#8221;1455412622472-0f79fd9f-6a2f&#8221;][vc_column_text]Para&hellip;<\/p>\n","protected":false},"author":1,"featured_media":0,"parent":0,"menu_order":0,"comment_status":"closed","ping_status":"closed","template":"template-fullwidth.php","meta":{"footnotes":""},"class_list":["post-1825","page","type-page","status-publish","hentry","no-thumb"],"_links":{"self":[{"href":"https:\/\/aerobox.com\/cl\/wp-json\/wp\/v2\/pages\/1825","targetHints":{"allow":["GET"]}}],"collection":[{"href":"https:\/\/aerobox.com\/cl\/wp-json\/wp\/v2\/pages"}],"about":[{"href":"https:\/\/aerobox.com\/cl\/wp-json\/wp\/v2\/types\/page"}],"author":[{"embeddable":true,"href":"https:\/\/aerobox.com\/cl\/wp-json\/wp\/v2\/users\/1"}],"replies":[{"embeddable":true,"href":"https:\/\/aerobox.com\/cl\/wp-json\/wp\/v2\/comments?post=1825"}],"version-history":[{"count":14,"href":"https:\/\/aerobox.com\/cl\/wp-json\/wp\/v2\/pages\/1825\/revisions"}],"predecessor-version":[{"id":2521,"href":"https:\/\/aerobox.com\/cl\/wp-json\/wp\/v2\/pages\/1825\/revisions\/2521"}],"wp:attachment":[{"href":"https:\/\/aerobox.com\/cl\/wp-json\/wp\/v2\/media?parent=1825"}],"curies":[{"name":"wp","href":"https:\/\/api.w.org\/{rel}","templated":true}]}}