{"id":21,"date":"2017-07-25T09:30:05","date_gmt":"2017-07-25T09:30:05","guid":{"rendered":"http:\/\/demo2.steelthemes.com\/cargohub\/?page_id=21"},"modified":"2020-03-12T18:13:58","modified_gmt":"2020-03-12T18:13:58","slug":"tarifas","status":"publish","type":"page","link":"https:\/\/aerobox.com\/cl\/tarifas\/","title":{"rendered":"Nuestras Tarifas"},"content":{"rendered":"<p>[vc_row][vc_column]<div class=\"fh-section-title clearfix  text-left version-dark\"><h2 style=\"font-size: 36px\">Nuestras Tarifas<\/h2><\/div>[vc_empty_space][vc_column_text]Las suscripci\u00f3n a nuestro servicio es gratuita sin costo de mantenimiento.<\/p>\n<p>El costo del env\u00edo hasta Chile para tus compras realizadas en Estados Unidos ser\u00e1 calculado seg\u00fan el peso del paquete.<\/p>\n<p><strong>Tarifas Casillero Internacional<\/strong><\/p>\n<table style=\"width: 270px;\">\n<tbody>\n<tr>\n<td style=\"width: 175px;\">1\/2 Kg<\/td>\n<td style=\"width: 103px;\">$9.99<\/td>\n<\/tr>\n<tr>\n<td style=\"width: 175px;\">1 Kg<\/td>\n<td style=\"width: 103px;\">$18.00<\/td>\n<\/tr>\n<tr>\n<td style=\"width: 175px;\">2 Kg<\/td>\n<td style=\"width: 103px;\">$30.00<\/td>\n<\/tr>\n<tr>\n<td style=\"width: 175px;\">3 Kg<\/td>\n<td style=\"width: 103px;\">$45.00<\/td>\n<\/tr>\n<tr>\n<td style=\"width: 175px;\">+ Kg<\/td>\n<td style=\"width: 103px;\">$7.00<\/td>\n<\/tr>\n<\/tbody>\n<\/table>\n<p>&nbsp;<\/p>\n<p><strong>Tarifas de entrega a domicilio dentro del radio Santiago:<\/strong><br \/>\nHasta 3kg por $5.5<br \/>\n+kg hasta 30kg $0.70 usd por kg<\/p>\n<p><b>Entregas a domicilio mismo d\u00eda\u00a0que llega la carga:<\/b><br \/>\nConchali-Renca-Recoleta-Independencia<br \/>\nCerro navia-Quinta Normal-Pudahuel<br \/>\nLo Prado-Estacion Central- Santiago<\/p>\n<p><strong>Entregas a domicilio al d\u00eda siguiente que llega la carga:<br \/>\n<\/strong>Lo Barnechea-Vitacura-Las Condes-Providencia-<br \/>\nLa Reina- Nu\u00f1oa-Macul-Pe\u00f1alolen<\/p>\n<p><strong>Gu\u00eda y Documentaci\u00f3n<\/strong><\/p>\n<table style=\"width: 357px;\">\n<tbody>\n<tr>\n<td style=\"width: 203px;\">Valor FOB del Producto<\/td>\n<td style=\"width: 166px;\">Tarifa Gu\u00eda<\/td>\n<\/tr>\n<tr>\n<td style=\"width: 203px;\">0-30<\/td>\n<td style=\"width: 166px;\">$9.30<\/td>\n<\/tr>\n<tr>\n<td style=\"width: 203px;\">31-200<\/td>\n<td style=\"width: 166px;\">$16.10<\/td>\n<\/tr>\n<tr>\n<td style=\"width: 203px;\">201-400<\/td>\n<td style=\"width: 166px;\">$31.28<\/td>\n<\/tr>\n<tr>\n<td style=\"width: 203px;\">401-500<\/td>\n<td style=\"width: 166px;\">$37.35<\/td>\n<\/tr>\n<tr>\n<td style=\"width: 203px;\">501-1000<\/td>\n<td style=\"width: 166px;\">$90.00<\/td>\n<\/tr>\n<\/tbody>\n<\/table>\n<p>&nbsp;<\/p>\n<p>La tarifa para env\u00edos desde Santiago al interior del pa\u00eds ser\u00e1 abonada por el cliente a la empresa de transporte local designada para la entrega.<\/p>\n<p>Peso Volum\u00e9trico<br \/>\nA aquellos paquetes que tengan gran volumen y poco peso, no se les cobrar\u00e1 volumen hasta el doble de su peso real. A partir del doble del peso real del paquete, se cobrar\u00e1n U$S 10 por kilo adicional de volumen.<\/p>\n<p><strong>Tarifas de Retorno<\/strong><br \/>\nCon Aerobox podr\u00e1s devolver tu compra al vendedor siempre y cuando la misma est\u00e9 f\u00edsicamente en nuestros dep\u00f3sitos de Miami.<\/p>\n<p>\u2013 1. En el caso que tu compra venga con una etiqueta de retorno pre-paga lista para ser utilizada, el servicio tiene un costo de U$S 10.<br \/>\n\u2013 2. Si tu compra viene sin etiqueta de retorno (o la etiqueta pre-paga no incluya servicio de retiro en oficina), el costo de \u00e9ste servicio ser\u00e1 de U$S 15,00, m\u00e1s el env\u00edo hasta las oficinas del vendedor.<br \/>\nViajas a Miami ? Haz tus compras hasta 60 d\u00edas antes de tu viaje.<\/p>\n<p>Con Aerobox podr\u00e1s comprar lo que desees antes o durante tu viaje por Estados Unidos y luego retirar tus compras personalmente en nuestras oficinas en Miami o tambi\u00e9n te las llevamos al Hotel o adonde nos indiques!. Ideal para aquellas personas que se encuentran o est\u00e1n de paso por Miami.<\/p>\n<p>Simplemente env\u00eda las compras a tu direcci\u00f3n en Miami. Si no tienes direcci\u00f3n aun obt\u00e9n una gratis ahora haciendo click aqu\u00ed y empieza a mandar tus compras desde YA! para informarte mas sobre este servicio por favor escribinos a info@aerobox.com.<\/p>\n<p>Te ofrecemos hasta 60 d\u00edas de almacenaje gr\u00e1tis en todas las compras que env\u00edes. El costo de cada paquete recibido en nuestro dep\u00f3sito de Miami es \u00fanicamente 5USD por paquete!<\/p>\n<h4 class=\"service-title\">Fotos de tus Compras<\/h4>\n<div class=\"desc\">\n<p>Enviamos fotos de tus compras por email apenas llegan, as\u00ed estar\u00e1s seguro que lleg\u00f3 lo que ordenaste.<\/p>\n<h4 class=\"service-title\">Consolidaci\u00f3n de Compras<\/h4>\n<div class=\"desc\">\n<p>En Aerobox agrupamos todas tus compras en un sola caja.<\/p>\n<\/div>\n<\/div>\n<p>[\/vc_column_text][vc_empty_space height=&#8221;50px&#8221;][\/vc_column][\/vc_row]<\/p>\n","protected":false},"excerpt":{"rendered":"<p>[vc_row][vc_column][vc_empty_space][vc_column_text]Las suscripci\u00f3n a nuestro servicio es gratuita sin costo de mantenimiento. El costo del env\u00edo hasta Chile para tus compras&hellip;<\/p>\n","protected":false},"author":1,"featured_media":0,"parent":0,"menu_order":0,"comment_status":"closed","ping_status":"closed","template":"template-fullwidth.php","meta":{"footnotes":""},"class_list":["post-21","page","type-page","status-publish","hentry","no-thumb"],"_links":{"self":[{"href":"https:\/\/aerobox.com\/cl\/wp-json\/wp\/v2\/pages\/21","targetHints":{"allow":["GET"]}}],"collection":[{"href":"https:\/\/aerobox.com\/cl\/wp-json\/wp\/v2\/pages"}],"about":[{"href":"https:\/\/aerobox.com\/cl\/wp-json\/wp\/v2\/types\/page"}],"author":[{"embeddable":true,"href":"https:\/\/aerobox.com\/cl\/wp-json\/wp\/v2\/users\/1"}],"replies":[{"embeddable":true,"href":"https:\/\/aerobox.com\/cl\/wp-json\/wp\/v2\/comments?post=21"}],"version-history":[{"count":11,"href":"https:\/\/aerobox.com\/cl\/wp-json\/wp\/v2\/pages\/21\/revisions"}],"predecessor-version":[{"id":2523,"href":"https:\/\/aerobox.com\/cl\/wp-json\/wp\/v2\/pages\/21\/revisions\/2523"}],"wp:attachment":[{"href":"https:\/\/aerobox.com\/cl\/wp-json\/wp\/v2\/media?parent=21"}],"curies":[{"name":"wp","href":"https:\/\/api.w.org\/{rel}","templated":true}]}}