{"id":2276,"date":"2019-10-29T10:47:05","date_gmt":"2019-10-29T10:47:05","guid":{"rendered":"http:\/\/aerobox.com.pe\/chile\/?page_id=2276"},"modified":"2020-02-26T12:34:46","modified_gmt":"2020-02-26T12:34:46","slug":"que-mercancias-puedo-importar","status":"publish","type":"page","link":"https:\/\/aerobox.com\/cl\/que-mercancias-puedo-importar\/","title":{"rendered":"\u00bfQu\u00e9 mercanc\u00edas puedo importar?"},"content":{"rendered":"<p>[vc_row][vc_column]<div class=\"fh-section-title clearfix  text-left version-dark\"><h2 style=\"font-size: 30px\">\u00bfQu\u00e9 mercanc\u00edas puedo importar?<\/h2><\/div>[vc_column_text css=&#8221;.vc_custom_1582720483949{margin-top: 35px !important;}&#8221;]Puede importarse cualquier mercader\u00eda excepto:<br \/>\nVeh\u00edculos y motocicletas usadas asbesto en cualquiera de sus formas, pornograf\u00eda, desechos industriales t\u00f3xicos, entre otras.<\/p>\n<p>Ciertos productos pueden estar sujetos a \u2018\u2019visto bueno\u2019\u2019, autorizaci\u00f3n o control por parte de alg\u00fan servicio fiscalizador, es necesario obtenerlo de forma previa al env\u00edo por el organismo correspondiente.<\/p>\n<p><strong>PRODUCTOS COSMETICOS Y PERFUMES<\/strong><br \/>\nSe permite realizar como persona natural m\u00e1ximo 3 env\u00edos al a\u00f1o; los cuales no deben exceder las 10 unidades por env\u00edo.<\/p>\n<p><strong>PRODUCTOS ALIMENTICIOS \/ Seremi de salud<\/strong><br \/>\nEsta tramitaci\u00f3n debe ser de forma presencial \/ Costo aproximado $10.500<\/p>\n<p>*Alimento preparado o de consumo directo \/ 10 unidades con un m\u00e1ximo total de 10 kg. o 10 lt. (chocolates, mermeladas, confites, sopas, ensaladas, etc.)<\/p>\n<p>*Estimulantes o fruitivos \/ 10 unidades con un m\u00e1ximo total de 5kg (yerba, mate, caf\u00e9, t\u00e9)<\/p>\n<p>*Aditivos \/ 50gr. (condimentos y especies)<\/p>\n<p>*Alimentos b\u00e1sicos \/ 20 kg. (arroz, aceite, harina, fideos, etc.)<\/p>\n<p><strong>PRODUCTOS USO FARMACOLOGICOS \/ ISP<\/strong><br \/>\nEsta tramitaci\u00f3n \u00fanicamente es en a trav\u00e9s de la p\u00e1gina online \/ Costo aproximado $9.500<\/p>\n<p>M\u00e1s informaci\u00f3n en: <a href=\"http:\/\/up.ispch.gob.cl\">http:\/\/up.ispch.gob.cl<\/a>[\/vc_column_text][vc_separator css=&#8221;.vc_custom_1572346951182{margin-top: 20px !important;margin-bottom: 20px !important;}&#8221;]<div class=\"fh-section-title clearfix  text-left version-dark\"><h2 style=\"font-size: 30px\">\u00bfQu\u00e9 mercanc\u00edas no puedo importar?<\/h2><\/div>[vc_column_text css=&#8221;.vc_custom_1582720042618{margin-top: 30px !important;}&#8221;]Veh\u00edculos usados (sin perjuicio de las franquicias establecidas en la normas vigentes)<\/p>\n<ul>\n<li>Motos usadas<\/li>\n<li>Neum\u00e1ticos usados y recauchados<\/li>\n<li>Asbesto en cualquiera de sus formas<\/li>\n<li>Pornograf\u00eda<\/li>\n<li>Desechos industriales t\u00f3xicos<\/li>\n<li>Mercanc\u00edas que sean peligrosas para los animales, para la agricultura o la salud humana (por ejemplo; algunos plaguicidas de uso agr\u00edcola, juguetes y art\u00edculos de uso infantil que contengan tolueno, adhesivos fabricados en base a solventes vol\u00e1tiles), las que se encuentran prohibidas por Decreto del Ministerio de Salud, del Ministerio de Agricultura y otros organismos del Estado.<\/li>\n<li>Otras mercanc\u00edas, que de acuerdo a la legislaci\u00f3n vigente, se encuentren con prohibici\u00f3n de importar.<\/li>\n<\/ul>\n<p>[\/vc_column_text][vc_separator css=&#8221;.vc_custom_1572346951182{margin-top: 20px !important;margin-bottom: 20px !important;}&#8221;][vc_btn title=&#8221;Revisa la lista completa de mercanc\u00edas que requieren &#8220;Visto Bueno&#8220; de otros organismos&#8221; color=&#8221;black&#8221; link=&#8221;url:https%3A%2F%2Fwww.aduana.cl%2Fproductos-que-requieren-certificado-o-visto-bueno%2Faduana%2F2018-12-13%2F161927.html||target:%20_blank|&#8221;][vc_separator css=&#8221;.vc_custom_1572346951182{margin-top: 20px !important;margin-bottom: 20px !important;}&#8221;][\/vc_column][\/vc_row]<\/p>\n","protected":false},"excerpt":{"rendered":"<p>[vc_row][vc_column][vc_column_text css=&#8221;.vc_custom_1582720483949{margin-top: 35px !important;}&#8221;]Puede importarse cualquier mercader\u00eda excepto: Veh\u00edculos y motocicletas usadas asbesto en cualquiera de sus formas, pornograf\u00eda, desechos&hellip;<\/p>\n","protected":false},"author":1,"featured_media":0,"parent":0,"menu_order":0,"comment_status":"closed","ping_status":"closed","template":"","meta":{"footnotes":""},"class_list":["post-2276","page","type-page","status-publish","hentry","no-thumb"],"_links":{"self":[{"href":"https:\/\/aerobox.com\/cl\/wp-json\/wp\/v2\/pages\/2276","targetHints":{"allow":["GET"]}}],"collection":[{"href":"https:\/\/aerobox.com\/cl\/wp-json\/wp\/v2\/pages"}],"about":[{"href":"https:\/\/aerobox.com\/cl\/wp-json\/wp\/v2\/types\/page"}],"author":[{"embeddable":true,"href":"https:\/\/aerobox.com\/cl\/wp-json\/wp\/v2\/users\/1"}],"replies":[{"embeddable":true,"href":"https:\/\/aerobox.com\/cl\/wp-json\/wp\/v2\/comments?post=2276"}],"version-history":[{"count":23,"href":"https:\/\/aerobox.com\/cl\/wp-json\/wp\/v2\/pages\/2276\/revisions"}],"predecessor-version":[{"id":2431,"href":"https:\/\/aerobox.com\/cl\/wp-json\/wp\/v2\/pages\/2276\/revisions\/2431"}],"wp:attachment":[{"href":"https:\/\/aerobox.com\/cl\/wp-json\/wp\/v2\/media?parent=2276"}],"curies":[{"name":"wp","href":"https:\/\/api.w.org\/{rel}","templated":true}]}}