{"id":2378,"date":"2020-02-19T09:32:01","date_gmt":"2020-02-19T09:32:01","guid":{"rendered":"http:\/\/aerobox.com.pe\/chile\/?page_id=2378"},"modified":"2020-02-26T12:20:15","modified_gmt":"2020-02-26T12:20:15","slug":"cuando-debo-pagar-impuestos","status":"publish","type":"page","link":"https:\/\/aerobox.com\/cl\/cuando-debo-pagar-impuestos\/","title":{"rendered":"\u00bfCu\u00e1ndo debo pagar Impuestos?"},"content":{"rendered":"<p>[vc_row][vc_column]<div class=\"fh-section-title clearfix  text-left version-dark\"><h2 style=\"font-size: 30px\">\u00bfCu\u00e1ndo debo pagar Impuestos?<\/h2><\/div>[vc_empty_space height=&#8221;20px&#8221;][vc_column_text]Comprar por Internet en comercios online extranjeros implica realizar una importaci\u00f3n y, por tanto, conlleva el pago de impuestos.<\/p>\n<p><img loading=\"lazy\" decoding=\"async\" class=\"alignnone wp-image-2379 size-full\" src=\"http:\/\/aerobox.com.pe\/chile\/wp-content\/uploads\/2020\/02\/impuestos.jpg\" alt=\"\" width=\"1201\" height=\"629\" srcset=\"https:\/\/aerobox.com\/cl\/wp-content\/uploads\/2020\/02\/impuestos.jpg 1201w, https:\/\/aerobox.com\/cl\/wp-content\/uploads\/2020\/02\/impuestos-300x157.jpg 300w, https:\/\/aerobox.com\/cl\/wp-content\/uploads\/2020\/02\/impuestos-1024x536.jpg 1024w, https:\/\/aerobox.com\/cl\/wp-content\/uploads\/2020\/02\/impuestos-768x402.jpg 768w, https:\/\/aerobox.com\/cl\/wp-content\/uploads\/2020\/02\/impuestos-570x300.jpg 570w\" sizes=\"auto, (max-width: 1201px) 100vw, 1201px\" \/><\/p>\n<p><img loading=\"lazy\" decoding=\"async\" class=\"alignnone wp-image-2422 size-full\" src=\"http:\/\/aerobox.com.pe\/chile\/wp-content\/uploads\/2020\/02\/laptops-nopagan.jpg\" alt=\"\" width=\"1200\" height=\"330\" srcset=\"https:\/\/aerobox.com\/cl\/wp-content\/uploads\/2020\/02\/laptops-nopagan.jpg 1200w, https:\/\/aerobox.com\/cl\/wp-content\/uploads\/2020\/02\/laptops-nopagan-300x83.jpg 300w, https:\/\/aerobox.com\/cl\/wp-content\/uploads\/2020\/02\/laptops-nopagan-1024x282.jpg 1024w, https:\/\/aerobox.com\/cl\/wp-content\/uploads\/2020\/02\/laptops-nopagan-768x211.jpg 768w\" sizes=\"auto, (max-width: 1200px) 100vw, 1200px\" \/><\/p>\n<p><img loading=\"lazy\" decoding=\"async\" class=\"alignnone size-full wp-image-2424\" src=\"http:\/\/aerobox.com.pe\/chile\/wp-content\/uploads\/2020\/02\/libros.jpg\" alt=\"\" width=\"1200\" height=\"330\" srcset=\"https:\/\/aerobox.com\/cl\/wp-content\/uploads\/2020\/02\/libros.jpg 1200w, https:\/\/aerobox.com\/cl\/wp-content\/uploads\/2020\/02\/libros-300x83.jpg 300w, https:\/\/aerobox.com\/cl\/wp-content\/uploads\/2020\/02\/libros-1024x282.jpg 1024w, https:\/\/aerobox.com\/cl\/wp-content\/uploads\/2020\/02\/libros-768x211.jpg 768w\" sizes=\"auto, (max-width: 1200px) 100vw, 1200px\" \/>Al comprar por Internet en sitios extranjeros deber\u00e1s costear el\u00a0<span class=\"resalta azul\"><strong><span class=\"naranjo\">Arancel Aduanero (6%)<\/span><\/strong>\u00a0<strong>\u00a0<\/strong><\/span>y el\u00a0<strong><span class=\"resalta azul naranjo\">Impuesto al Valor Agregado (IVA)<\/span><\/strong>, recursos que aportan al desarrollo y contribuyen de manera significativa a resguardar el presupuesto del pa\u00eds que permite financiar los programas de Gobierno en beneficio de todos.<\/p>\n<p>Si se verifica que tus compras son ocasionales, sin car\u00e1cter comercial y tienen un <strong><span class=\"resalta azul naranjo\">valor de hasta 30 d\u00f3lares<\/span><\/strong>,\u00a0quedar\u00e1n libres del pago de derechos de aduana e IVA.<\/p>\n<p>El Arancel Aduanero se paga sobre el\u00a0<strong><span class=\"azul resalta naranjo\">Valor CIF<\/span><\/strong>\u00a0de la mercanc\u00eda, que corresponde a la suma del valor de tu producto en el pa\u00eds de origen, m\u00e1s el costo por flete y seguros involucrados para su transporte al punto de destino. El IVA se paga sobre el valor CIF y el derecho aduanero.<\/p>\n<p><strong>EJEMPLO DE C\u00c1LCULO:<\/strong><\/p>\n<hr \/>\n<p><strong><span class=\"azul resalta\">Valor CIF del producto:<\/span>\u00a0<\/strong>US $1.000,00<br \/>\n<strong><span class=\"azul resalta\">Derecho aduanero (6% de 1.000):<\/span><\/strong>\u00a0US $ 60,00<br \/>\n<strong><span class=\"azul resalta\">IVA (19% sobre 1.060,00):<\/span><\/strong>\u00a0US $ 201,40<\/p>\n<hr \/>\n<p><strong><span class=\"azul resalta\">TOTAL TRIBUTOS ADUANEROS:<\/span><\/strong>\u00a0US $ 261,40<\/p>\n<p>Exige y guarda siempre\u00a0<span class=\"azul resalta naranjo\">los comprobantes de tu compra<\/span>, factura, comprobante de transferencia, pantallazo del proceso de compra, ya que esos documentos permitir\u00e1n realizar los c\u00e1lculos correctos de los impuestos y grav\u00e1menes que deber\u00e1s pagar, en caso de que corresponda. Los pagos se pueden efectuar en bancos e instituciones financieras autorizadas, sucursales de Correo (si compraste por env\u00edo postal) y en Tesorer\u00eda General de la Rep\u00fablica.[\/vc_column_text][\/vc_column][\/vc_row]<\/p>\n","protected":false},"excerpt":{"rendered":"<p>[vc_row][vc_column][vc_empty_space height=&#8221;20px&#8221;][vc_column_text]Comprar por Internet en comercios online extranjeros implica realizar una importaci\u00f3n y, por tanto, conlleva el pago de impuestos.&hellip;<\/p>\n","protected":false},"author":1,"featured_media":0,"parent":0,"menu_order":0,"comment_status":"closed","ping_status":"closed","template":"","meta":{"footnotes":""},"class_list":["post-2378","page","type-page","status-publish","hentry","no-thumb"],"_links":{"self":[{"href":"https:\/\/aerobox.com\/cl\/wp-json\/wp\/v2\/pages\/2378","targetHints":{"allow":["GET"]}}],"collection":[{"href":"https:\/\/aerobox.com\/cl\/wp-json\/wp\/v2\/pages"}],"about":[{"href":"https:\/\/aerobox.com\/cl\/wp-json\/wp\/v2\/types\/page"}],"author":[{"embeddable":true,"href":"https:\/\/aerobox.com\/cl\/wp-json\/wp\/v2\/users\/1"}],"replies":[{"embeddable":true,"href":"https:\/\/aerobox.com\/cl\/wp-json\/wp\/v2\/comments?post=2378"}],"version-history":[{"count":5,"href":"https:\/\/aerobox.com\/cl\/wp-json\/wp\/v2\/pages\/2378\/revisions"}],"predecessor-version":[{"id":2425,"href":"https:\/\/aerobox.com\/cl\/wp-json\/wp\/v2\/pages\/2378\/revisions\/2425"}],"wp:attachment":[{"href":"https:\/\/aerobox.com\/cl\/wp-json\/wp\/v2\/media?parent=2378"}],"curies":[{"name":"wp","href":"https:\/\/api.w.org\/{rel}","templated":true}]}}