{"id":27,"date":"2017-07-25T09:31:09","date_gmt":"2017-07-25T09:31:09","guid":{"rendered":"http:\/\/demo2.steelthemes.com\/cargohub\/?page_id=27"},"modified":"2020-02-27T16:17:20","modified_gmt":"2020-02-27T16:17:20","slug":"servicios","status":"publish","type":"page","link":"https:\/\/aerobox.com\/cl\/servicios\/","title":{"rendered":"Servicios"},"content":{"rendered":"<p>[vc_row css=&#8221;.vc_custom_1500966320690{padding-top: 80px !important;padding-bottom: 80px !important;}&#8221;][vc_column offset=&#8221;vc_col-lg-6 vc_col-md-6&#8243;][vc_single_image image=&#8221;2249&#8243; img_size=&#8221;full&#8221; alignment=&#8221;center&#8221;][\/vc_column][vc_column offset=&#8221;vc_col-lg-6 vc_col-md-6&#8243;][vc_empty_space height=&#8221;15px&#8221;]<div class=\"fh-section-title clearfix  text-left version-dark\"><h2 style=\"font-size: 30px\">Recepci\u00f3n de Paquetes<\/h2><\/div>[vc_empty_space height=&#8221;35px&#8221;][vc_column_text css=&#8221;.vc_custom_1572032913817{margin-bottom: 20px !important;}&#8221;]<\/p>\n<p class=\"p1\">Solo nosotros manejamos tus paquetes, con la seriedad y responsabilidad que nos caracteriza, garantizando el cuidado y la custodia de tus compras.<\/p>\n<p>Recibir\u00e1s la foto de tus paquetes al momento de ser recepcionados y podr\u00e1s verificar todas tus compras desde tu panel de usuario.[\/vc_column_text]<a href=\"https:\/\/aerobox.com\/cl\/contacto\/\" title=\"Contacto\" class=\"fh-button button button-type-normal align-left icon-type-none  fh-btn\">Mas informaci\u00f3n<\/a>[\/vc_column][\/vc_row][vc_row css=&#8221;.vc_custom_1500966320690{padding-top: 80px !important;padding-bottom: 80px !important;}&#8221;][vc_column offset=&#8221;vc_col-lg-6 vc_col-md-6&#8243;][vc_single_image image=&#8221;2250&#8243; img_size=&#8221;full&#8221; alignment=&#8221;center&#8221;][\/vc_column][vc_column offset=&#8221;vc_col-lg-6 vc_col-md-6&#8243;][vc_empty_space height=&#8221;15px&#8221;]<div class=\"fh-section-title clearfix  text-left version-dark\"><h2 style=\"font-size: 30px\">Consolidaci\u00f3n<\/h2><\/div>[vc_empty_space height=&#8221;35px&#8221;][vc_column_text css=&#8221;.vc_custom_1581811107966{margin-bottom: 20px !important;}&#8221;]<\/p>\n<p class=\"p1\">Con este moderno sistema tu puedes realizar la cantidad de compras que desees en el exterior y recibirlas todas juntas.<\/p>\n<p>Te damos la posibilidad de consolidar tus compras en un solo env\u00edo, evit\u00e1ndote esperas molestas, disminuyendo tus costos de env\u00edo.<\/p>\n<p>Podr\u00e1s recibir todas tus compras unificadas al mismo tiempo.[\/vc_column_text]<a href=\"https:\/\/aerobox.com\/cl\/contacto\/\" title=\"Contacto\" class=\"fh-button button button-type-normal align-left icon-type-none  fh-btn\">Mas informaci\u00f3n<\/a>[\/vc_column][\/vc_row][vc_row css=&#8221;.vc_custom_1500966320690{padding-top: 80px !important;padding-bottom: 80px !important;}&#8221;][vc_column offset=&#8221;vc_col-lg-6 vc_col-md-6&#8243;][vc_single_image image=&#8221;2358&#8243; img_size=&#8221;full&#8221; alignment=&#8221;center&#8221;][\/vc_column][vc_column offset=&#8221;vc_col-lg-6 vc_col-md-6&#8243;][vc_empty_space height=&#8221;15px&#8221;]<div class=\"fh-section-title clearfix  text-left version-dark\"><h2 style=\"font-size: 30px\">Entregas Personales en Chile<\/h2><\/div>[vc_empty_space height=&#8221;35px&#8221;][vc_column_text css=&#8221;.vc_custom_1581811228809{margin-bottom: 20px !important;}&#8221;]Las entregas pueden ser en nuestra oficina o te la enviamos con una empresa de transporte privada a cualquier parte de Chile.[\/vc_column_text]<a href=\"https:\/\/aerobox.com\/cl\/contacto\/\" title=\"Contacto\" class=\"fh-button button button-type-normal align-left icon-type-none  fh-btn\">Mas informaci\u00f3n<\/a>[\/vc_column][\/vc_row][vc_row css=&#8221;.vc_custom_1500966320690{padding-top: 80px !important;padding-bottom: 80px !important;}&#8221;][vc_column offset=&#8221;vc_col-lg-6 vc_col-md-6&#8243;][vc_single_image image=&#8221;2252&#8243; img_size=&#8221;full&#8221; alignment=&#8221;center&#8221;][\/vc_column][vc_column offset=&#8221;vc_col-lg-6 vc_col-md-6&#8243;][vc_empty_space height=&#8221;15px&#8221;]<div class=\"fh-section-title clearfix  text-left version-dark\"><h2 style=\"font-size: 30px\">Servicio de log\u00edstica para empresas<\/h2><\/div>[vc_empty_space height=&#8221;35px&#8221;][vc_column_text css=&#8221;.vc_custom_1581811348054{margin-bottom: 20px !important;}&#8221;]<\/p>\n<p class=\"p1\">Una soluci\u00f3n global para la log\u00edstica de tu empresa.<br \/>\nNos adaptamos a tus necesidades!<\/p>\n<p class=\"p1\">Te ofrecemos dep\u00f3sito propio en Miami, con un equipo calificado para asesorarte de la mejor manera en el transporte a\u00e9reo o mar\u00edtimo de todo tipo de cargas: comercial, documentos, muestras, etc.<\/p>\n<p class=\"p1\">VEN A CONOCERNOS Y A CHARLAR CON NOSOTROS. Te esperamos!<\/p>\n<p>[\/vc_column_text]<a href=\"https:\/\/aerobox.com\/cl\/contacto\/\" title=\"Contacto\" class=\"fh-button button button-type-normal align-left icon-type-none  fh-btn\">Mas informaci\u00f3n<\/a>[\/vc_column][\/vc_row]<\/p>\n","protected":false},"excerpt":{"rendered":"<p>[vc_row css=&#8221;.vc_custom_1500966320690{padding-top: 80px !important;padding-bottom: 80px !important;}&#8221;][vc_column offset=&#8221;vc_col-lg-6 vc_col-md-6&#8243;][vc_single_image image=&#8221;2249&#8243; img_size=&#8221;full&#8221; alignment=&#8221;center&#8221;][\/vc_column][vc_column offset=&#8221;vc_col-lg-6 vc_col-md-6&#8243;][vc_empty_space height=&#8221;15px&#8221;][vc_empty_space height=&#8221;35px&#8221;][vc_column_text css=&#8221;.vc_custom_1572032913817{margin-bottom: 20px !important;}&#8221;] Solo nosotros&hellip;<\/p>\n","protected":false},"author":1,"featured_media":0,"parent":0,"menu_order":0,"comment_status":"closed","ping_status":"closed","template":"template-fullwidth.php","meta":{"footnotes":""},"class_list":["post-27","page","type-page","status-publish","hentry","no-thumb"],"_links":{"self":[{"href":"https:\/\/aerobox.com\/cl\/wp-json\/wp\/v2\/pages\/27","targetHints":{"allow":["GET"]}}],"collection":[{"href":"https:\/\/aerobox.com\/cl\/wp-json\/wp\/v2\/pages"}],"about":[{"href":"https:\/\/aerobox.com\/cl\/wp-json\/wp\/v2\/types\/page"}],"author":[{"embeddable":true,"href":"https:\/\/aerobox.com\/cl\/wp-json\/wp\/v2\/users\/1"}],"replies":[{"embeddable":true,"href":"https:\/\/aerobox.com\/cl\/wp-json\/wp\/v2\/comments?post=27"}],"version-history":[{"count":13,"href":"https:\/\/aerobox.com\/cl\/wp-json\/wp\/v2\/pages\/27\/revisions"}],"predecessor-version":[{"id":2459,"href":"https:\/\/aerobox.com\/cl\/wp-json\/wp\/v2\/pages\/27\/revisions\/2459"}],"wp:attachment":[{"href":"https:\/\/aerobox.com\/cl\/wp-json\/wp\/v2\/media?parent=27"}],"curies":[{"name":"wp","href":"https:\/\/api.w.org\/{rel}","templated":true}]}}