{"id":2962,"date":"2025-07-24T09:47:08","date_gmt":"2025-07-24T09:47:08","guid":{"rendered":"https:\/\/aerobox.com\/cl\/?page_id=2962"},"modified":"2025-07-24T11:32:46","modified_gmt":"2025-07-24T11:32:46","slug":"comprar-temu-chile","status":"publish","type":"page","link":"https:\/\/aerobox.com\/cl\/comprar-temu-chile\/","title":{"rendered":"Comprar en Temu desde Chile"},"content":{"rendered":"<p>[vc_row][vc_column][vc_column_text]<\/p>\n<h1 style=\"text-align: center;\">\u00bfQuieres comprar en TEMU desde Chile? Todo lo que necesitas saber para comprar en TEMU desde Chile<\/h1>\n<p>[\/vc_column_text][vc_empty_space][vc_column_text]<\/p>\n<p style=\"text-align: center;\">Comprar en TEMU desde Chile es f\u00e1cil, seguro y r\u00e1pido. Con AEROBOX puedes recibir tus compras sin demoras ni complicaciones.<br \/>\n<strong>Sigue estos 3 sencillos pasos para comprar en TEMU desde Chile:<\/strong><\/p>\n<p>[\/vc_column_text][vc_empty_space height=&#8221;50px&#8221;][\/vc_column][\/vc_row][vc_row height=&#8221;auto&#8221; columns=&#8221;3&#8243; el_id=&#8221;pasos&#8221;][vc_column width=&#8221;1\/3&#8243;][vc_column_text]<\/p>\n<p style=\"text-align: center;\"><strong>1. REGISTRATE GRATIS<\/strong><\/p>\n<p style=\"text-align: center;\">Reg\u00edstrate y obt\u00e9n tu direcci\u00f3n en USA para comprar en TEMU desde Chile. <a href=\"https:\/\/aerobox.com\/cl\/registro\/\"><strong>Para registrarte haz click aqu\u00ed<\/strong><\/a><\/p>\n<p>[\/vc_column_text][\/vc_column][vc_column width=&#8221;1\/3&#8243;][vc_column_text]<\/p>\n<p style=\"text-align: center;\"><strong>2. COMPRA EN TEMU<\/strong><\/p>\n<p style=\"text-align: center;\">Compra en TEMU desde Chile usando la direcci\u00f3n de Aerobox. Cuando finalices tu pedido, ingresa la direcci\u00f3n que te asignamos.<\/p>\n<p style=\"text-align: center;\">Tus compras llegar\u00e1n a Aerobox y, una vez recibidas todas, podr\u00e1s solicitar el env\u00edo a Chile de forma r\u00e1pida y sin sorpresas.<\/p>\n<p>[\/vc_column_text][vc_empty_space height=&#8221;25px&#8221;]<div class=\"ult-animation  ult-animate-viewport  ult-no-mobile \" data-animate=\"infinite tada\" data-animation-delay=\"0\" data-animation-duration=\"3\" data-animation-iteration=\"infinite\" style=\"opacity:0;\" data-opacity_start_effect=\"\">[vc_column_text]<\/p>\n<p style=\"text-align: center;\"><strong><a href=\"https:\/\/temu.to\/m\/upu0dkmlaul\" target=\"_blank\" rel=\"noopener\">Reg\u00edstrate ahora en TEMU<\/a><\/strong> y recibe un kit de cupones de &#x1f4b0;$100 para comprar en TEMU desde Chile<\/p>\n<p>[\/vc_column_text]<\/div>[\/vc_column][vc_column width=&#8221;1\/3&#8243;][vc_column_text]<\/p>\n<p style=\"text-align: center;\"><strong>3. RECIB\u00cd EN TU CASA<\/strong><\/p>\n<p style=\"text-align: center;\">Prep\u00e1rate para recibir tus compras de TEMU en Chile, en tu casa, oficina o ret\u00edralas en nuestro local.<br \/>\n\u00a1Sin demoras, sin problemas, sin sorpresas!<\/p>\n<p>[\/vc_column_text][\/vc_column][vc_column][vc_empty_space height=&#8221;50px&#8221;][\/vc_column][\/vc_row][vc_row full_width=&#8221;stretch_row_content&#8221; bg_type=&#8221;bg_color&#8221; bg_color_value=&#8221;#ec7f1f&#8221;][vc_column][vc_column_text]<\/p>\n<h2 style=\"text-align: center;\"><span style=\"color: #ffffff;\"><strong>C\u00f3mo ahorrar al comprar en TEMU desde Chile<\/strong><\/span><\/h2>\n<p>[\/vc_column_text][vc_column_text css=&#8221;%7B%22default%22%3A%7B%22color%22%3A%22%23ffffff%22%2C%22text-align%22%3A%22center%22%2C%22font-size%22%3A%2216px%22%2C%22padding-left%22%3A%2215%25%22%2C%22padding-right%22%3A%2215%25%22%7D%2C%22laptops%22%3A%7B%22padding-left%22%3A%2215%25%22%2C%22padding-right%22%3A%2215%25%22%7D%2C%22tablets%22%3A%7B%22padding-left%22%3A%220%22%2C%22padding-right%22%3A%220%22%7D%2C%22mobiles%22%3A%7B%22padding-left%22%3A%220%22%2C%22padding-right%22%3A%220%22%7D%7D&#8221;]<\/p>\n<p style=\"text-align: center;\"><span style=\"color: #ffffff;\">Descubre c\u00f3mo usar cupones, regalos y ofertas ocultas para comprar en TEMU desde Chile al mejor precio.<\/span><\/p>\n<p>[\/vc_column_text][vc_empty_space height=&#8221;50px&#8221;][vc_row_inner columns_gap=&#8221;1.5rem&#8221;][vc_column_inner width=&#8221;1\/3&#8243;]<div id=\"modal-trg-txt-wrap-2069\" class=\"ult-modal-input-wrapper ult-adjust-bottom-margin hvr-grow \"><img decoding=\"async\" src=\"https:\/\/aerobox.com.uy\/wp-content\/uploads\/2025\/07\/kit.png\" alt=\"null\" data-class-id=\"content-69e632d067a29\" class=\"ult-modal-img overlay-show ult-align-center ult-modal-image-\" data-overlay-class=\"overlay-cornerbottomleft\"\/><\/div>\n<div class=\"ult-overlay content-69e632d067a29 \" data-class=\"content-69e632d067a29\" id=\"button-click-overlay\" style=\"background:rgba(51,51,51,0.8); display:none;\">\n\t<div class=\"ult_modal ult-fade ult-small\">\n\t\t<div id=\"ult-modal-wrap-1205\" class=\"ult_modal-content ult-hide\" style=\"border-style:solid;border-width:2px;border-radius:0px;border-color:#333333;\">\n\t\t\t<div  data-ultimate-target='#ult-modal-wrap-1205 .ult_modal-body'  data-responsive-json-new='{\"font-size\":\"\",\"line-height\":\"\"}'  class=\"ult_modal-body ult-responsive ult-html\" style=\"\">\n\t\t\t<\/p>\n<p style=\"text-align: left;\"><strong>\u00bfQuieres ahorrar al comprar en TEMU desde Chile? Sigue estos pasos:<\/strong><\/p>\n<ol style=\"text-align: left;\">\n<li><strong><a href=\"https:\/\/temu.to\/m\/upu0dkmlaul\" target=\"_blank\" rel=\"noopener\">Haz clic ac\u00e1 para acceder al kit de cupones TEMU<\/a><\/strong><\/li>\n<li>Reg\u00edstrate o inicia sesi\u00f3n en la app de TEMU<\/li>\n<li>Sigue los pasos para activar tus cupones y compra en TEMU desde Chile con descuentos exclusivos<\/li>\n<\/ol>\n<p style=\"text-align: left;\">\u00a1Listo! Ya puedes usar tu kit de cupones de US$ 100 en tus compras en TEMU desde Chile.<\/p>\n<p>\n\t\t\t<\/div>\n\t<\/div>\n\t<\/div>\n\t<div class=\"ult-overlay-close\">Close<\/div>\n<\/div>[\/vc_column_inner][vc_column_inner width=&#8221;1\/3&#8243;]<div id=\"modal-trg-txt-wrap-7947\" class=\"ult-modal-input-wrapper ult-adjust-bottom-margin hvr-grow \"><img decoding=\"async\" src=\"https:\/\/aerobox.com.uy\/wp-content\/uploads\/2025\/07\/gratis.png\" alt=\"null\" data-class-id=\"content-69e632d067fd7\" class=\"ult-modal-img overlay-show ult-align-center ult-modal-image-\" data-overlay-class=\"overlay-cornerbottomleft\"\/><\/div>\n<div class=\"ult-overlay content-69e632d067fd7 \" data-class=\"content-69e632d067fd7\" id=\"button-click-overlay\" style=\"background:rgba(51,51,51,0.8); display:none;\">\n\t<div class=\"ult_modal ult-fade ult-small\">\n\t\t<div id=\"ult-modal-wrap-2662\" class=\"ult_modal-content ult-hide\" style=\"border-style:solid;border-width:2px;border-radius:0px;border-color:#333333;\">\n\t\t\t<div  data-ultimate-target='#ult-modal-wrap-2662 .ult_modal-body'  data-responsive-json-new='{\"font-size\":\"\",\"line-height\":\"\"}'  class=\"ult_modal-body ult-responsive ult-html\" style=\"\">\n\t\t\t<strong>\u00bfTe gustar\u00eda conseguir regalos gratis al comprar en TEMU desde Chile? As\u00ed se hace:<\/strong><\/p>\n<ol>\n<li><strong><a href=\"https:\/\/temu.to\/m\/eg14wltw6vy\" target=\"_blank\" rel=\"noopener\">Entra en este enlace para ver los regalos disponibles<\/a><\/strong><\/li>\n<li>Si eres nuevo usuario, reg\u00edstrate en TEMU<\/li>\n<li>Elige tus regalos y sigue las instrucciones para reclamarlos y comprar en TEMU desde Chile<\/li>\n<\/ol>\n<p>\u00a1Disfruta del env\u00edo gratis y devoluciones sin costo por 90 d\u00edas para tus compras desde Chile!<br \/>\n\n\t\t\t<\/div>\n\t<\/div>\n\t<\/div>\n\t<div class=\"ult-overlay-close\">Close<\/div>\n<\/div>[\/vc_column_inner][vc_column_inner width=&#8221;1\/3&#8243;]<div id=\"modal-trg-txt-wrap-9232\" class=\"ult-modal-input-wrapper ult-adjust-bottom-margin hvr-grow \"><img decoding=\"async\" src=\"https:\/\/aerobox.com.uy\/wp-content\/uploads\/2025\/07\/tesoro.png\" alt=\"null\" data-class-id=\"content-69e632d06841a\" class=\"ult-modal-img overlay-show ult-align-center ult-modal-image-\" data-overlay-class=\"overlay-cornerbottomleft\"\/><\/div>\n<div class=\"ult-overlay content-69e632d06841a \" data-class=\"content-69e632d06841a\" id=\"button-click-overlay\" style=\"background:rgba(51,51,51,0.8); display:none;\">\n\t<div class=\"ult_modal ult-fade ult-small\">\n\t\t<div id=\"ult-modal-wrap-2628\" class=\"ult_modal-content ult-hide\" style=\"border-style:solid;border-width:2px;border-radius:0px;border-color:#333333;\">\n\t\t\t<div  data-ultimate-target='#ult-modal-wrap-2628 .ult_modal-body'  data-responsive-json-new='{\"font-size\":\"\",\"line-height\":\"\"}'  class=\"ult_modal-body ult-responsive ult-html\" style=\"\">\n\t\t\t<strong>\u00a1Descubre ofertas secretas y mega ahorros al comprar en TEMU desde Chile!<\/strong><\/p>\n<ol>\n<li><strong><a href=\"https:\/\/temu.to\/m\/upu0dkmlaul\" target=\"_blank\" rel=\"noopener\">Haz clic aqu\u00ed para buscar el tesoro oculto en TEMU<\/a><\/strong><\/li>\n<li>Reg\u00edstrate o inicia sesi\u00f3n en la app de TEMU<\/li>\n<li>Sigue los pasos para desbloquear ofertas exclusivas y aprovecha los mega descuentos comprando en TEMU desde Chile<\/li>\n<\/ol>\n<p>\u00a1Aprovecha antes de que se agoten!<br \/>\n\n\t\t\t<\/div>\n\t<\/div>\n\t<\/div>\n\t<div class=\"ult-overlay-close\">Close<\/div>\n<\/div>[\/vc_column_inner][\/vc_row_inner][vc_empty_space][\/vc_column][\/vc_row][vc_row el_id=&#8221;ofertas&#8221;][vc_column][vc_empty_space][vc_column_text]<\/p>\n<h2 class=\"vc_custom_heading\" style=\"text-align: center;\"><strong>No pierdas tiempo, compra en TEMU desde Chile<\/strong><\/h2>\n<p>[\/vc_column_text][vc_column_text]<\/p>\n<p class=\"vc_custom_heading\" style=\"text-align: center;\">Hemos seleccionado para ti las mejores ofertas para comprar en TEMU desde Chile<\/p>\n<p>[\/vc_column_text][vc_empty_space][vc_row_inner content_placement=&#8221;middle&#8221; columns=&#8221;6&#8243; mobiles_columns=&#8221;2&#8243; columns_gap=&#8221;0px&#8221;][vc_column_inner width=&#8221;1\/6&#8243; offset=&#8221;vc_col-xs-6&#8243;][vc_single_image image=&#8221;2985&#8243; img_size=&#8221;full&#8221; alignment=&#8221;center&#8221; onclick=&#8221;custom_link&#8221; img_link_target=&#8221;_blank&#8221; link=&#8221;https:\/\/temu.to\/m\/upu0dkmlaul&#8221;][\/vc_column_inner][vc_column_inner width=&#8221;1\/6&#8243; el_id=&#8221;columnid&#8221; offset=&#8221;vc_col-xs-6&#8243;][vc_single_image image=&#8221;2986&#8243; img_size=&#8221;full&#8221; alignment=&#8221;center&#8221; onclick=&#8221;custom_link&#8221; img_link_target=&#8221;_blank&#8221; link=&#8221;https:\/\/temu.to\/m\/upu0dkmlaul&#8221;][\/vc_column_inner][vc_column_inner width=&#8221;1\/6&#8243; offset=&#8221;vc_col-xs-6&#8243;][vc_single_image image=&#8221;2987&#8243; img_size=&#8221;full&#8221; alignment=&#8221;center&#8221; onclick=&#8221;custom_link&#8221; img_link_target=&#8221;_blank&#8221; link=&#8221;https:\/\/temu.to\/m\/upu0dkmlaul&#8221;][\/vc_column_inner][vc_column_inner width=&#8221;1\/6&#8243; offset=&#8221;vc_col-xs-6&#8243;][vc_single_image image=&#8221;2989&#8243; img_size=&#8221;full&#8221; alignment=&#8221;center&#8221; onclick=&#8221;custom_link&#8221; img_link_target=&#8221;_blank&#8221; link=&#8221;https:\/\/temu.to\/m\/upu0dkmlaul&#8221;][\/vc_column_inner][vc_column_inner width=&#8221;1\/6&#8243; offset=&#8221;vc_col-xs-6&#8243;][vc_single_image image=&#8221;2988&#8243; img_size=&#8221;full&#8221; alignment=&#8221;center&#8221; onclick=&#8221;custom_link&#8221; img_link_target=&#8221;_blank&#8221; link=&#8221;https:\/\/temu.to\/m\/upu0dkmlaul&#8221;][\/vc_column_inner][vc_column_inner width=&#8221;1\/6&#8243;][vc_single_image image=&#8221;2990&#8243; img_size=&#8221;full&#8221; alignment=&#8221;center&#8221; onclick=&#8221;custom_link&#8221; img_link_target=&#8221;_blank&#8221; link=&#8221;https:\/\/temu.to\/m\/upu0dkmlaul&#8221;][\/vc_column_inner][\/vc_row_inner][vc_row_inner content_placement=&#8221;middle&#8221; columns=&#8221;6&#8243; mobiles_columns=&#8221;2&#8243; columns_gap=&#8221;0px&#8221;][vc_column_inner width=&#8221;1\/6&#8243; offset=&#8221;vc_col-xs-6&#8243;][vc_single_image image=&#8221;2991&#8243; img_size=&#8221;full&#8221; alignment=&#8221;center&#8221; onclick=&#8221;custom_link&#8221; img_link_target=&#8221;_blank&#8221; link=&#8221;https:\/\/temu.to\/m\/upu0dkmlaul&#8221;][\/vc_column_inner][vc_column_inner width=&#8221;1\/6&#8243; offset=&#8221;vc_col-xs-6&#8243;][vc_single_image image=&#8221;2992&#8243; img_size=&#8221;full&#8221; alignment=&#8221;center&#8221; onclick=&#8221;custom_link&#8221; img_link_target=&#8221;_blank&#8221; link=&#8221;https:\/\/temu.to\/m\/upu0dkmlaul&#8221;][\/vc_column_inner][vc_column_inner width=&#8221;1\/6&#8243; offset=&#8221;vc_col-xs-6&#8243;][vc_single_image image=&#8221;2993&#8243; img_size=&#8221;full&#8221; alignment=&#8221;center&#8221; onclick=&#8221;custom_link&#8221; img_link_target=&#8221;_blank&#8221; link=&#8221;https:\/\/temu.to\/m\/upu0dkmlaul&#8221;][\/vc_column_inner][vc_column_inner width=&#8221;1\/6&#8243; offset=&#8221;vc_col-xs-6&#8243;][vc_single_image image=&#8221;2994&#8243; img_size=&#8221;full&#8221; alignment=&#8221;center&#8221; onclick=&#8221;custom_link&#8221; img_link_target=&#8221;_blank&#8221; link=&#8221;https:\/\/temu.to\/m\/upu0dkmlaul&#8221;][\/vc_column_inner][vc_column_inner width=&#8221;1\/6&#8243; offset=&#8221;vc_col-xs-6&#8243;][vc_single_image image=&#8221;2995&#8243; img_size=&#8221;full&#8221; alignment=&#8221;center&#8221; onclick=&#8221;custom_link&#8221; img_link_target=&#8221;_blank&#8221; link=&#8221;https:\/\/temu.to\/m\/upu0dkmlaul&#8221;][\/vc_column_inner][vc_column_inner width=&#8221;1\/6&#8243;][vc_single_image image=&#8221;2996&#8243; img_size=&#8221;full&#8221; alignment=&#8221;center&#8221; onclick=&#8221;custom_link&#8221; img_link_target=&#8221;_blank&#8221; link=&#8221;https:\/\/temu.to\/m\/upu0dkmlaul&#8221;][\/vc_column_inner][\/vc_row_inner][vc_row_inner content_placement=&#8221;middle&#8221; columns=&#8221;6&#8243; mobiles_columns=&#8221;2&#8243; columns_gap=&#8221;0px&#8221;][vc_column_inner width=&#8221;1\/6&#8243; offset=&#8221;vc_col-xs-6&#8243;][vc_single_image image=&#8221;2997&#8243; img_size=&#8221;full&#8221; alignment=&#8221;center&#8221; onclick=&#8221;custom_link&#8221; img_link_target=&#8221;_blank&#8221; link=&#8221;https:\/\/temu.to\/m\/upu0dkmlaul&#8221;][\/vc_column_inner][vc_column_inner width=&#8221;1\/6&#8243; offset=&#8221;vc_col-xs-6&#8243;][vc_single_image image=&#8221;2998&#8243; img_size=&#8221;full&#8221; alignment=&#8221;center&#8221; onclick=&#8221;custom_link&#8221; img_link_target=&#8221;_blank&#8221; link=&#8221;https:\/\/temu.to\/m\/upu0dkmlaul&#8221;][\/vc_column_inner][vc_column_inner width=&#8221;1\/6&#8243; offset=&#8221;vc_col-xs-6&#8243;][vc_single_image image=&#8221;2999&#8243; img_size=&#8221;full&#8221; alignment=&#8221;center&#8221; onclick=&#8221;custom_link&#8221; img_link_target=&#8221;_blank&#8221; link=&#8221;https:\/\/temu.to\/m\/upu0dkmlaul&#8221;][\/vc_column_inner][vc_column_inner width=&#8221;1\/6&#8243; offset=&#8221;vc_col-xs-6&#8243;][vc_single_image image=&#8221;3000&#8243; img_size=&#8221;full&#8221; alignment=&#8221;center&#8221; onclick=&#8221;custom_link&#8221; img_link_target=&#8221;_blank&#8221; link=&#8221;https:\/\/temu.to\/m\/upu0dkmlaul&#8221;][\/vc_column_inner][vc_column_inner width=&#8221;1\/6&#8243; offset=&#8221;vc_col-xs-6&#8243;][vc_single_image image=&#8221;3001&#8243; img_size=&#8221;full&#8221; alignment=&#8221;center&#8221; onclick=&#8221;custom_link&#8221; img_link_target=&#8221;_blank&#8221; link=&#8221;https:\/\/temu.to\/m\/upu0dkmlaul&#8221;][\/vc_column_inner][vc_column_inner width=&#8221;1\/6&#8243;][vc_single_image image=&#8221;3002&#8243; img_size=&#8221;full&#8221; alignment=&#8221;center&#8221; onclick=&#8221;custom_link&#8221; img_link_target=&#8221;_blank&#8221; link=&#8221;https:\/\/temu.to\/m\/upu0dkmlaul&#8221;][\/vc_column_inner][\/vc_row_inner][vc_row_inner content_placement=&#8221;middle&#8221; columns=&#8221;6&#8243; mobiles_columns=&#8221;2&#8243; columns_gap=&#8221;0px&#8221;][vc_column_inner width=&#8221;1\/6&#8243; offset=&#8221;vc_col-xs-6&#8243;][vc_single_image image=&#8221;3003&#8243; img_size=&#8221;full&#8221; alignment=&#8221;center&#8221; onclick=&#8221;custom_link&#8221; img_link_target=&#8221;_blank&#8221; link=&#8221;https:\/\/temu.to\/m\/upu0dkmlaul&#8221;][\/vc_column_inner][vc_column_inner width=&#8221;1\/6&#8243; offset=&#8221;vc_col-xs-6&#8243;][vc_single_image image=&#8221;3004&#8243; img_size=&#8221;full&#8221; alignment=&#8221;center&#8221; onclick=&#8221;custom_link&#8221; img_link_target=&#8221;_blank&#8221; link=&#8221;https:\/\/temu.to\/m\/upu0dkmlaul&#8221;][\/vc_column_inner][vc_column_inner width=&#8221;1\/6&#8243; offset=&#8221;vc_col-xs-6&#8243;][vc_single_image image=&#8221;3005&#8243; img_size=&#8221;full&#8221; alignment=&#8221;center&#8221; onclick=&#8221;custom_link&#8221; img_link_target=&#8221;_blank&#8221; link=&#8221;https:\/\/temu.to\/m\/upu0dkmlaul&#8221;][\/vc_column_inner][vc_column_inner width=&#8221;1\/6&#8243; offset=&#8221;vc_col-xs-6&#8243;][vc_single_image image=&#8221;3006&#8243; img_size=&#8221;full&#8221; alignment=&#8221;center&#8221; onclick=&#8221;custom_link&#8221; img_link_target=&#8221;_blank&#8221; link=&#8221;https:\/\/temu.to\/m\/upu0dkmlaul&#8221;][\/vc_column_inner][vc_column_inner width=&#8221;1\/6&#8243; offset=&#8221;vc_col-xs-6&#8243;][vc_single_image image=&#8221;3008&#8243; img_size=&#8221;full&#8221; alignment=&#8221;center&#8221; onclick=&#8221;custom_link&#8221; img_link_target=&#8221;_blank&#8221; link=&#8221;https:\/\/temu.to\/m\/upu0dkmlaul&#8221;][\/vc_column_inner][vc_column_inner width=&#8221;1\/6&#8243;][vc_single_image image=&#8221;3018&#8243; img_size=&#8221;full&#8221; alignment=&#8221;center&#8221; onclick=&#8221;custom_link&#8221; img_link_target=&#8221;_blank&#8221; link=&#8221;https:\/\/temu.to\/m\/upu0dkmlaul&#8221;][\/vc_column_inner][\/vc_row_inner][vc_empty_space height=&#8221;50px&#8221;][\/vc_column][\/vc_row][vc_row bg_type=&#8221;bg_color&#8221; bg_color_value=&#8221;#ec7f1f&#8221;][vc_column][vc_empty_space][vc_column_text]<\/p>\n<h2 style=\"text-align: center;\"><span style=\"color: #ffffff;\">Super Ofertas para comprar en TEMU desde Chile<\/span><\/h2>\n<p>[\/vc_column_text][vc_empty_space][vc_column_text]<\/p>\n<p style=\"text-align: center;\"><span style=\"color: #ffffff;\">\u00a1TEMU te ofrece descuentos exclusivos para comprar desde Chile! No dejes pasar esta oportunidad y compra en TEMU desde Chile hoy mismo.<\/span><\/p>\n<p>[\/vc_column_text][vc_empty_space]<div id=\"ult-carousel-35032914369e632d068a04\" class=\"ult-carousel-wrapper   ult_horizontal\" data-gutter=\"15\" data-rtl=\"false\" ><div class=\"ult-carousel-130913467869e632d068848 \" >[vc_single_image image=&#8221;3031&#8243; img_size=&#8221;full&#8221; alignment=&#8221;center&#8221; onclick=&#8221;custom_link&#8221; img_link_target=&#8221;_blank&#8221; link=&#8221;https:\/\/temu.to\/k\/ewykhkac0gd&#8221;][vc_single_image image=&#8221;3035&#8243; img_size=&#8221;full&#8221; alignment=&#8221;center&#8221; onclick=&#8221;custom_link&#8221; img_link_target=&#8221;_blank&#8221; link=&#8221;https:\/\/temu.to\/k\/e78dwzra80v&#8221;][vc_single_image image=&#8221;3034&#8243; img_size=&#8221;full&#8221; alignment=&#8221;center&#8221; onclick=&#8221;custom_link&#8221; img_link_target=&#8221;_blank&#8221; link=&#8221;https:\/\/temu.to\/k\/ecj7oxe2wji&#8221;][vc_single_image image=&#8221;3033&#8243; img_size=&#8221;full&#8221; alignment=&#8221;center&#8221; onclick=&#8221;custom_link&#8221; img_link_target=&#8221;_blank&#8221; link=&#8221;https:\/\/temu.to\/k\/eyxo04qmm27&#8243;][vc_single_image image=&#8221;3020&#8243; img_size=&#8221;full&#8221; alignment=&#8221;center&#8221; onclick=&#8221;custom_link&#8221; img_link_target=&#8221;_blank&#8221; link=&#8221;https:\/\/temu.to\/k\/eiqa1q9u9zl&#8221;][vc_single_image image=&#8221;3032&#8243; img_size=&#8221;full&#8221; alignment=&#8221;center&#8221; onclick=&#8221;custom_link&#8221; img_link_target=&#8221;_blank&#8221; link=&#8221;https:\/\/temu.to\/k\/engg2kben5i&#8221;]<\/div><\/div>            <script type=\"text\/javascript\">\n\t\t\t\tjQuery(document).ready(function($){\n               \t\t$('.ult-carousel-130913467869e632d068848').slick({dots: true,autoplay: true,autoplaySpeed: 5000,speed: 300,infinite: true,arrows: true,nextArrow: '<button type=\"button\" style=\"color:#333333; font-size:20px;\" class=\"slick-next default\"><i class=\"ultsl-arrow-right4\"><\/i><\/button>',prevArrow: '<button type=\"button\" style=\"color:#333333; font-size:20px;\" class=\"slick-prev default\"><i class=\"ultsl-arrow-left4\"><\/i><\/button>',slidesToScroll:2,slidesToShow:2,swipe: true,draggable: true,touchMove: true,responsive: [\n\t\t\t\t\t\t\t{\n\t\t\t\t\t\t\t  breakpoint: 1025,\n\t\t\t\t\t\t\t  settings: {\n\t\t\t\t\t\t\t\tslidesToShow: 2,\n\t\t\t\t\t\t\t\tslidesToScroll: 2,  \n\t\t\t\t\t\t\t  }\n\t\t\t\t\t\t\t},\n\t\t\t\t\t\t\t{\n\t\t\t\t\t\t\t  breakpoint: 769,\n\t\t\t\t\t\t\t  settings: {\n\t\t\t\t\t\t\t\tslidesToShow: 2,\n\t\t\t\t\t\t\t\tslidesToScroll: 2\n\t\t\t\t\t\t\t  }\n\t\t\t\t\t\t\t},\n\t\t\t\t\t\t\t{\n\t\t\t\t\t\t\t  breakpoint: 481,\n\t\t\t\t\t\t\t  settings: {\n\t\t\t\t\t\t\t\tslidesToShow: 1,\n\t\t\t\t\t\t\t\tslidesToScroll: 1\n\t\t\t\t\t\t\t  }\n\t\t\t\t\t\t\t}\n\t\t\t\t\t\t],pauseOnHover: true,\n\t\t\t\t\t\tpauseOnDotsHover: true,customPaging: function(slider, i) {\n                   return '<i type=\"button\" style=\"color:#333333;\" class=\"ultsl-record\" data-role=\"none\"><\/i>';\n                },});\n\t\t\t\t});\n\t\t\t<\/script>\n            [vc_empty_space][\/vc_column][\/vc_row][vc_row height=&#8221;auto&#8221; columns=&#8221;1-4-1&#8243;][vc_column width=&#8221;1\/6&#8243;][\/vc_column][vc_column width=&#8221;2\/3&#8243;][vc_empty_space][vc_column_text]<\/p>\n<h2 style=\"text-align: center;\"><strong>Preguntas Frecuentes para comprar en TEMU desde Chile<\/strong><\/h2>\n<p>[\/vc_column_text][vc_empty_space][vc_tta_accordion][vc_tta_section title=&#8221;\u00bfC\u00f3mo comprar en TEMU desde Chile?&#8221; tab_id=&#8221;1753352668500-970755da-b524&#8243;][vc_column_text]Comprar en TEMU desde Chile es f\u00e1cil. Solo necesitas seguir estos pasos: <strong><a href=\"#pasos\">VER PASOS<\/a><\/strong>. Adem\u00e1s, aseg\u00farate de revisar las pol\u00edticas de env\u00edo internacional.[\/vc_column_text][\/vc_tta_section][vc_tta_section title=&#8221;\u00bfTEMU es confiable en Chile?&#8221; tab_id=&#8221;1753352668511-09bdaa39-2397&#8243;][vc_column_text]S\u00ed, puedes comprar en TEMU desde Chile de forma segura y sin inconvenientes. Solo necesitas seguir los pasos que te hemos detallado previamente.[\/vc_column_text][\/vc_tta_section][vc_tta_section title=&#8221;\u00bfCu\u00e1les son los costos de env\u00edo de TEMU a Chile?&#8221; tab_id=&#8221;1753353858953-1f603f62-7410&#8243;][vc_column_text]Los costos de env\u00edo de TEMU a Chile var\u00edan seg\u00fan el peso del pedido y la opci\u00f3n de env\u00edo que elijas. Para calcular el costo aproximado de tu env\u00edo, puedes utilizar nuestra <strong><a href=\"https:\/\/aerobox.com\/cl\/calculadora\/\">calculadora de env\u00edos<\/a><\/strong> antes de comprar en TEMU desde Chile.[\/vc_column_text][\/vc_tta_section][vc_tta_section title=&#8221;\u00bfNecesito una tarjeta de cr\u00e9dito para comprar en TEMU desde Chile?&#8221; tab_id=&#8221;1753353883670-0d480034-efae&#8221;][vc_column_text]Para comprar en TEMU desde Chile necesitas una tarjeta internacional a tu nombre y en caso de que no la tengas puedes <strong><a href=\"https:\/\/www.tenpo.cl\/\" target=\"_blank\" rel=\"noopener\">solicitar una aqu\u00ed<\/a><\/strong>[\/vc_column_text][\/vc_tta_section][vc_tta_section title=&#8221;\u00bfCu\u00e1nto demora TEMU en llegar a Chile?&#8221; tab_id=&#8221;1753353915445-83b7b27a-56e9&#8243;][vc_column_text]El tiempo de entrega depender\u00e1 del tipo de env\u00edo que elijas al realizar tu compra en TEMU desde Chile. Por ejemplo, si seleccionas el env\u00edo est\u00e1ndar, tomar\u00e1 entre 7 y 15 d\u00edas para que llegue a tu direcci\u00f3n en EE.UU. Desde all\u00ed, el env\u00edo a Chile tardar\u00e1 aproximadamente 7 d\u00edas h\u00e1biles. TEMU ofrece un env\u00edo expr\u00e9s, por un costo adicional, que reduce el tiempo de entrega a entre 1 y 7 d\u00edas.[\/vc_column_text][\/vc_tta_section][\/vc_tta_accordion][vc_empty_space height=&#8221;42px&#8221;][\/vc_column][vc_column width=&#8221;1\/6&#8243;][\/vc_column][\/vc_row]<\/p>\n","protected":false},"excerpt":{"rendered":"<p>[vc_row][vc_column][vc_column_text] \u00bfQuieres comprar en TEMU desde Chile? Todo lo que necesitas saber para comprar en TEMU desde Chile [\/vc_column_text][vc_empty_space][vc_column_text] Comprar&hellip;<\/p>\n","protected":false},"author":1,"featured_media":0,"parent":0,"menu_order":0,"comment_status":"closed","ping_status":"closed","template":"template-homepage.php","meta":{"footnotes":""},"class_list":["post-2962","page","type-page","status-publish","hentry","no-thumb"],"_links":{"self":[{"href":"https:\/\/aerobox.com\/cl\/wp-json\/wp\/v2\/pages\/2962","targetHints":{"allow":["GET"]}}],"collection":[{"href":"https:\/\/aerobox.com\/cl\/wp-json\/wp\/v2\/pages"}],"about":[{"href":"https:\/\/aerobox.com\/cl\/wp-json\/wp\/v2\/types\/page"}],"author":[{"embeddable":true,"href":"https:\/\/aerobox.com\/cl\/wp-json\/wp\/v2\/users\/1"}],"replies":[{"embeddable":true,"href":"https:\/\/aerobox.com\/cl\/wp-json\/wp\/v2\/comments?post=2962"}],"version-history":[{"count":47,"href":"https:\/\/aerobox.com\/cl\/wp-json\/wp\/v2\/pages\/2962\/revisions"}],"predecessor-version":[{"id":3046,"href":"https:\/\/aerobox.com\/cl\/wp-json\/wp\/v2\/pages\/2962\/revisions\/3046"}],"wp:attachment":[{"href":"https:\/\/aerobox.com\/cl\/wp-json\/wp\/v2\/media?parent=2962"}],"curies":[{"name":"wp","href":"https:\/\/api.w.org\/{rel}","templated":true}]}}