{"id":19,"date":"2017-07-25T09:29:18","date_gmt":"2017-07-25T09:29:18","guid":{"rendered":"http:\/\/demo2.steelthemes.com\/cargohub\/?page_id=19"},"modified":"2020-03-25T14:11:15","modified_gmt":"2020-03-25T14:11:15","slug":"contacto","status":"publish","type":"page","link":"https:\/\/aerobox.com\/hn\/contacto\/","title":{"rendered":"Contacto"},"content":{"rendered":"<p>[vc_row css=&#8221;.vc_custom_1500720290348{padding-top: 70px !important;padding-bottom: 35px !important;}&#8221;][vc_column width=&#8221;1\/2&#8243; offset=&#8221;vc_col-lg-6 vc_col-md-6&#8243;]<div class=\"fh-section-title clearfix  text-left version-dark\"><h2 style=\"font-size: 26px\">Nuestras Oficinas<\/h2><\/div>[vc_empty_space height=&#8221;35px&#8221;][vc_row_inner][vc_column_inner offset=&#8221;vc_col-lg-6 vc_col-md-6&#8243;]<div class=\"fh-contact-box type-address \"><i class=\"flaticon-pin\"><\/i><h4 class=\"box-title\">Miami, USA<\/h4><div class=\"desc\"><p>5459 NW 72ND AVE Miami FL 33166-4223<\/p>\n<\/div><\/div>[\/vc_column_inner][vc_column_inner offset=&#8221;vc_col-lg-6 vc_col-md-6&#8243;]<div class=\"fh-contact-box type-phone \"><i class=\"flaticon-phone-call \"><\/i><h4 class=\"box-title\">Ll\u00e1menos<\/h4><div class=\"desc\"><p>Tel\u00e9fono: +1 (305) 456-6247<\/p>\n<\/div><\/div>[\/vc_column_inner][\/vc_row_inner][vc_row_inner][vc_column_inner offset=&#8221;vc_col-lg-6 vc_col-md-6&#8243;]<div class=\"fh-contact-box type-address \"><i class=\"flaticon-pin\"><\/i><h4 class=\"box-title\">Honduras, Tegucigalpa<\/h4><div class=\"desc\"><p>Centro comercial los Casta\u00f1os ,Blv Moraz\u00e1n ,Colonia San Carlos local #A2, Tegucigalpa, Honduras.<\/p>\n<\/div><\/div><div class=\"fh-contact-box type-email \"><i class=\"flaticon-business\"><\/i><h4 class=\"box-title\">Email<\/h4><div class=\"desc\"><p>comercial@aerobox.com<\/p>\n<\/div><\/div>[\/vc_column_inner][vc_column_inner offset=&#8221;vc_col-lg-6 vc_col-md-6&#8243;]<div class=\"fh-contact-box type-phone \"><i class=\"flaticon-phone-call \"><\/i><h4 class=\"box-title\">Ll\u00e1menos<\/h4><div class=\"desc\"><p>Tel\u00e9fono: +56 44 204 4386<\/p>\n<\/div><\/div>[\/vc_column_inner][\/vc_row_inner][vc_column_text css=&#8221;.vc_custom_1572348183395{margin-right: 20px !important;}&#8221;]<iframe loading=\"lazy\" style=\"border: 0;\" src=\"https:\/\/www.google.com\/maps\/embed?pb=!1m18!1m12!1m3!1d3591.4029403453974!2d-80.31502668584514!3d25.823264583608836!2m3!1f0!2f0!3f0!3m2!1i1024!2i768!4f13.1!3m3!1m2!1s0x88d9ba2e28f3eb4f%3A0x993aa7e56f2db664!2s5459%20NW%2072nd%20Ave%2C%20Miami%2C%20FL%2033166!5e0!3m2!1ses!2sus!4v1572298638035!5m2!1ses!2sus\" width=\"565\" height=\"250\" frameborder=\"0\" allowfullscreen=\"allowfullscreen\"><\/iframe>[\/vc_column_text][\/vc_column][vc_column width=&#8221;1\/2&#8243; css=&#8221;.vc_custom_1572299034437{padding-top: 10px !important;}&#8221; offset=&#8221;vc_col-lg-6 vc_col-md-4&#8243;]<div class=\"fh-section-title clearfix  text-center version-dark\"><h2 style=\"font-size: 26px\">CONT\u00c1CTENOS<\/h2><\/div>[vc_empty_space height=&#8221;30px&#8221;][vc_column_text]<\/p>\n<div style=\"margin: 0 auto; text-align: center; font-weight: 300;\">\n<p>En Aerobox podr\u00e1s contar con la atenci\u00f3n de personal altamente calificado y con amplia experiencia, el cual podr\u00e1 ayudarte a resolver cualquier duda o inconveniente que tengas con respecto a tu compra o env\u00edo.<\/p>\n<p>Es muy simple, solo deber\u00e1s enviarnos tus comentarios y a la brevedad nos pondremos en contacto contigo.<\/p>\n<\/div>\n<p>[\/vc_column_text][vc_empty_space height=&#8221;50px&#8221;]<div role=\"form\" class=\"wpcf7\" id=\"wpcf7-f1615-o1\" lang=\"en-US\" dir=\"ltr\">\n<div class=\"screen-reader-response\"><p role=\"status\" aria-live=\"polite\" aria-atomic=\"true\"><\/p> <ul><\/ul><\/div>\n<form action=\"\/hn\/wp-json\/wp\/v2\/pages\/19#wpcf7-f1615-o1\" method=\"post\" class=\"wpcf7-form init\" novalidate=\"novalidate\" data-status=\"init\">\n<div style=\"display: none;\">\n<input type=\"hidden\" name=\"_wpcf7\" value=\"1615\" \/>\n<input type=\"hidden\" name=\"_wpcf7_version\" value=\"5.6.4\" \/>\n<input type=\"hidden\" name=\"_wpcf7_locale\" value=\"en_US\" \/>\n<input type=\"hidden\" name=\"_wpcf7_unit_tag\" value=\"wpcf7-f1615-o1\" \/>\n<input type=\"hidden\" name=\"_wpcf7_container_post\" value=\"0\" \/>\n<input type=\"hidden\" name=\"_wpcf7_posted_data_hash\" value=\"\" \/>\n<\/div>\n<div class=\"fh-form fh-form-3\">\n<div class=\"row\">\n<div class=\"col-md-6 col-sm-6 col-xs-12\">\n<p class=\"field\"><span class=\"wpcf7-form-control-wrap\" data-name=\"your-name\"><input type=\"text\" name=\"your-name\" value=\"\" size=\"40\" class=\"wpcf7-form-control wpcf7-text wpcf7-validates-as-required\" aria-required=\"true\" aria-invalid=\"false\" placeholder=\"Nombre y Apellido\" \/><\/span><\/p>\n<p class=\"field\"><span class=\"wpcf7-form-control-wrap\" data-name=\"your-email\"><input type=\"email\" name=\"your-email\" value=\"\" size=\"40\" class=\"wpcf7-form-control wpcf7-text wpcf7-email wpcf7-validates-as-required wpcf7-validates-as-email\" aria-required=\"true\" aria-invalid=\"false\" placeholder=\"Direcci\u00f3n de Email\" \/><\/span><\/p>\n<p class=\"field\"><span class=\"wpcf7-form-control-wrap\" data-name=\"your-phone\"><input type=\"text\" name=\"your-phone\" value=\"\" size=\"40\" class=\"wpcf7-form-control wpcf7-text\" aria-invalid=\"false\" placeholder=\"Tel\u00e9fono\" \/><\/span><\/p>\n<\/div>\n<div class=\"col-md-6 col-sm-6 col-xs-12\">\n<p class=\"field single-field\"><span class=\"wpcf7-form-control-wrap\" data-name=\"your-message\"><textarea name=\"your-message\" cols=\"40\" rows=\"10\" class=\"wpcf7-form-control wpcf7-textarea\" aria-invalid=\"false\" placeholder=\"Su Mensaje...\"><\/textarea><\/span><\/p>\n<\/div>\n<div class=\"col-md-12 col-sm-12 col-xs-12\">\n<p class=\"field submit\"><input type=\"submit\" value=\"Enviar Mensaje\" class=\"wpcf7-form-control has-spinner wpcf7-submit fh-btn\" \/><\/p>\n<\/div>\n<\/div>\n<\/div>\n<p style=\"display: none !important;\" class=\"akismet-fields-container\" data-prefix=\"_wpcf7_ak_\"><label>&#916;<textarea name=\"_wpcf7_ak_hp_textarea\" cols=\"45\" rows=\"8\" maxlength=\"100\"><\/textarea><\/label><input type=\"hidden\" id=\"ak_js_1\" name=\"_wpcf7_ak_js\" value=\"47\"\/><script>document.getElementById( \"ak_js_1\" ).setAttribute( \"value\", ( new Date() ).getTime() );<\/script><\/p><div class=\"wpcf7-response-output\" aria-hidden=\"true\"><\/div><\/form><\/div>[\/vc_column][\/vc_row]<\/p>\n","protected":false},"excerpt":{"rendered":"<p>[vc_row css=&#8221;.vc_custom_1500720290348{padding-top: 70px !important;padding-bottom: 35px !important;}&#8221;][vc_column width=&#8221;1\/2&#8243; offset=&#8221;vc_col-lg-6 vc_col-md-6&#8243;][vc_empty_space height=&#8221;35px&#8221;][vc_row_inner][vc_column_inner offset=&#8221;vc_col-lg-6 vc_col-md-6&#8243;][\/vc_column_inner][vc_column_inner offset=&#8221;vc_col-lg-6 vc_col-md-6&#8243;][\/vc_column_inner][\/vc_row_inner][vc_row_inner][vc_column_inner offset=&#8221;vc_col-lg-6 vc_col-md-6&#8243;][\/vc_column_inner][vc_column_inner offset=&#8221;vc_col-lg-6 vc_col-md-6&#8243;][\/vc_column_inner][\/vc_row_inner][vc_column_text css=&#8221;.vc_custom_1572348183395{margin-right: 20px&hellip;<\/p>\n","protected":false},"author":1,"featured_media":0,"parent":0,"menu_order":0,"comment_status":"closed","ping_status":"closed","template":"template-fullwidth.php","meta":{"footnotes":""},"class_list":["post-19","page","type-page","status-publish","hentry","no-thumb"],"_links":{"self":[{"href":"https:\/\/aerobox.com\/hn\/wp-json\/wp\/v2\/pages\/19"}],"collection":[{"href":"https:\/\/aerobox.com\/hn\/wp-json\/wp\/v2\/pages"}],"about":[{"href":"https:\/\/aerobox.com\/hn\/wp-json\/wp\/v2\/types\/page"}],"author":[{"embeddable":true,"href":"https:\/\/aerobox.com\/hn\/wp-json\/wp\/v2\/users\/1"}],"replies":[{"embeddable":true,"href":"https:\/\/aerobox.com\/hn\/wp-json\/wp\/v2\/comments?post=19"}],"version-history":[{"count":16,"href":"https:\/\/aerobox.com\/hn\/wp-json\/wp\/v2\/pages\/19\/revisions"}],"predecessor-version":[{"id":2530,"href":"https:\/\/aerobox.com\/hn\/wp-json\/wp\/v2\/pages\/19\/revisions\/2530"}],"wp:attachment":[{"href":"https:\/\/aerobox.com\/hn\/wp-json\/wp\/v2\/media?parent=19"}],"curies":[{"name":"wp","href":"https:\/\/api.w.org\/{rel}","templated":true}]}}