{"id":2123,"date":"2017-07-25T09:28:44","date_gmt":"2017-07-25T09:28:44","guid":{"rendered":"http:\/\/demo2.steelthemes.com\/cargohub\/?page_id=15"},"modified":"2020-08-11T11:27:17","modified_gmt":"2020-08-11T11:27:17","slug":"quienes-somos","status":"publish","type":"page","link":"https:\/\/aerobox.com\/hn\/quienes-somos\/","title":{"rendered":"Quienes Somos"},"content":{"rendered":"<p>[vc_row bg_type=&#8221;bg_color&#8221; bg_color_value=&#8221;#feb848&#8243;][vc_column offset=&#8221;vc_hidden-lg vc_hidden-md vc_hidden-sm&#8221;][vc_column_text]<\/p>\n<table style=\"width: 345px; border-color: #feb848; margin-left: auto; margin-right: auto;\" border=\"0\" cellspacing=\"0\" cellpadding=\"0\">\n<tbody>\n<tr>\n<td style=\"width: 200px;\"><a href=\"https:\/\/aeroboxhn.logisticainbox.com\/client\/\" target=\"_blank\" rel=\"noopener noreferrer\"><img loading=\"lazy\" decoding=\"async\" class=\"alignnone size-full wp-image-2648 aligncenter\" src=\"https:\/\/aerobox.com\/hn\/wp-content\/uploads\/2020\/08\/mi-cuenta.png\" alt=\"\" width=\"153\" height=\"52\" srcset=\"https:\/\/aerobox.com\/hn\/wp-content\/uploads\/2020\/08\/mi-cuenta.png 153w, https:\/\/aerobox.com\/hn\/wp-content\/uploads\/2020\/08\/mi-cuenta-150x52.png 150w\" sizes=\"(max-width: 153px) 100vw, 153px\" \/><\/a><\/td>\n<td style=\"width: 200px;\"><a href=\"https:\/\/aeroboxhn.logisticainbox.com\/jc_registro.php\" target=\"_blank\" rel=\"noopener noreferrer\"><img loading=\"lazy\" decoding=\"async\" class=\"alignnone size-full wp-image-2649 aligncenter\" src=\"https:\/\/aerobox.com\/hn\/wp-content\/uploads\/2020\/08\/registrate.png\" alt=\"\" width=\"153\" height=\"52\" srcset=\"https:\/\/aerobox.com\/hn\/wp-content\/uploads\/2020\/08\/registrate.png 153w, https:\/\/aerobox.com\/hn\/wp-content\/uploads\/2020\/08\/registrate-150x52.png 150w\" sizes=\"(max-width: 153px) 100vw, 153px\" \/><\/a><\/td>\n<\/tr>\n<\/tbody>\n<\/table>\n<p>[\/vc_column_text][vc_empty_space height=&#8221;10px&#8221;][\/vc_column][\/vc_row][vc_row css=&#8221;.vc_custom_1503376024695{padding-top: 66px !important;padding-bottom: 60px !important;}&#8221;][vc_column offset=&#8221;vc_col-lg-4 vc_col-md-4&#8243; css=&#8221;.vc_custom_1503376029710{padding-bottom: 20px !important;}&#8221;][vc_empty_space height=&#8221;14px&#8221;][vc_single_image image=&#8221;2541&#8243; img_size=&#8221;full&#8221;][\/vc_column][vc_column offset=&#8221;vc_col-lg-8 vc_col-md-8&#8243; css=&#8221;.vc_custom_1503376034901{padding-bottom: 20px !important;}&#8221;]<div class=\"fh-section-title clearfix  text-left version-dark\"><h2 style=\"font-size: 36px\">Quienes Somos<\/h2><\/div>[vc_empty_space height=&#8221;45px&#8221;][vc_column_text]<\/p>\n<div class=\"wpb_text_column \">\n<div class=\"wpb_wrapper\">\n<p><span style=\"font-weight: 400;\">Aerobox\u00a0 es una empresa de log\u00edstica internacional con sucursales propiasy presencia en varios pa\u00edses de Sur America.\u00a0<\/span><\/p>\n<p><span style=\"font-weight: 400;\">\u00a0En Miami contamos 2 bodegas\u00a0 propias atendidas directamente por los propietarios, donde se manejan todos los preparativos log\u00edsticos y de carga para env\u00edos internacionales.<\/span><\/p>\n<\/div>\n<\/div>\n<p>[\/vc_column_text][vc_empty_space height=&#8221;20px&#8221;][vc_column_text]<span style=\"font-weight: 400;\">Trabajamos con la \u00faltima tecnolog\u00eda y sistemas de software para poder responder de manera r\u00e1pida y efectiva a la demanda que se requiere en la log\u00edstica internacional. Nuestro personal tiene m\u00e1s de 30 a\u00f1os de experiencia en el \u00e1rea de transporte internacional, despacho de mercanc\u00edas (aduanas) y almac\u00e9n. \u00a1Por eso seremos su mejor alianza log\u00edstica!<\/span><\/p>\n<p><span style=\"font-weight: 400;\">Nos enfocamos en satisfacer las necesidades de las peque\u00f1as y medianas empresas. As\u00ed tambi\u00e9n tambien nos especializamos en servicio de casilleros internacionales para los clientes que compran por internet.<\/span>[\/vc_column_text][vc_empty_space height=&#8221;35px&#8221;][\/vc_column][\/vc_row][vc_row][vc_column]<div class=\"fh-section-title clearfix  text-center version-dark\"><h2 style=\"font-size: 36px\">\u00bfPor qu\u00e9 elegirnos?<\/h2><\/div><div class=\"ult-spacer spacer-69f5fc9516951\" data-id=\"69f5fc9516951\" data-height=\"30\" data-height-mobile=\"30\" data-height-tab=\"30\" data-height-tab-portrait=\"\" data-height-mobile-landscape=\"\" style=\"clear:both;display:block;\"><\/div>[\/vc_column][\/vc_row][vc_row color_scheme=&#8221;custom&#8221; us_bg_color=&#8221;#fcb926&#8243; us_text_color=&#8221;#000000&#8243; el_id=&#8221;fourth&#8221;][vc_column][vc_column_text]<\/p>\n<p style=\"text-align: center; font-size: 26px; line-height: 40px;\">Mir\u00e1 todo lo que te ofrece Aerobox e incluye dentro de su servicio, <strong>somos la empresa l\u00edder en env\u00edos de USA y China a cualquier parte de Honduras.<\/strong><\/p>\n<p>[\/vc_column_text]<div class=\"ult-spacer spacer-69f5fc9516964\" data-id=\"69f5fc9516964\" data-height=\"30\" data-height-mobile=\"30\" data-height-tab=\"30\" data-height-tab-portrait=\"\" data-height-mobile-landscape=\"\" style=\"clear:both;display:block;\"><\/div>[\/vc_column][\/vc_row][vc_row][vc_column][vc_row_inner css=&#8221;.vc_custom_1525377057540{padding-bottom: 40px !important;}&#8221;][vc_column_inner width=&#8221;1\/3&#8243;][vc_single_image image=&#8221;2369&#8243; img_size=&#8221;full&#8221; alignment=&#8221;center&#8221;][vc_column_text]<\/p>\n<p style=\"text-align: center;\">Registro y cuenta GRATIS<\/p>\n<p>[\/vc_column_text][\/vc_column_inner][vc_column_inner width=&#8221;1\/3&#8243;][vc_single_image image=&#8221;2370&#8243; img_size=&#8221;full&#8221; alignment=&#8221;center&#8221;][vc_column_text]<\/p>\n<p style=\"text-align: center;\">Seguro de compras<\/p>\n<p>[\/vc_column_text][\/vc_column_inner][vc_column_inner width=&#8221;1\/3&#8243;][vc_single_image image=&#8221;2371&#8243; img_size=&#8221;full&#8221; alignment=&#8221;center&#8221;][vc_column_text]<\/p>\n<p style=\"text-align: center;\">Asesor\u00eda sin cargo con horario de atenci\u00f3n extendido GRATIS<\/p>\n<p>[\/vc_column_text][\/vc_column_inner][\/vc_row_inner][vc_row_inner css=&#8221;.vc_custom_1525377067228{padding-bottom: 40px !important;}&#8221;][vc_column_inner width=&#8221;1\/3&#8243;][vc_single_image image=&#8221;2372&#8243; img_size=&#8221;full&#8221; alignment=&#8221;center&#8221;][vc_column_text]<\/p>\n<p style=\"text-align: center;\">Todas tus compras cuentan como 1 env\u00edo (Consolidamos)<\/p>\n<p>[\/vc_column_text][\/vc_column_inner][vc_column_inner width=&#8221;1\/3&#8243; css=&#8221;.vc_custom_1525377129358{padding-top: 20px !important;}&#8221;][vc_single_image image=&#8221;2373&#8243; img_size=&#8221;full&#8221; alignment=&#8221;center&#8221;][vc_column_text]<\/p>\n<p style=\"text-align: center;\">Servicio Express<\/p>\n<p>[\/vc_column_text][\/vc_column_inner][vc_column_inner width=&#8221;1\/3&#8243;][vc_single_image image=&#8221;2365&#8243; img_size=&#8221;full&#8221; alignment=&#8221;center&#8221;][vc_column_text]<\/p>\n<p style=\"text-align: center;\">Entrega en la puerta de tu casa<\/p>\n<p>[\/vc_column_text][\/vc_column_inner][\/vc_row_inner][vc_row_inner][vc_column_inner width=&#8221;1\/3&#8243;][vc_single_image image=&#8221;2366&#8243; img_size=&#8221;full&#8221; alignment=&#8221;center&#8221;][vc_column_text]<\/p>\n<p style=\"text-align: center;\">Entrega en 4 d\u00edas<\/p>\n<p>[\/vc_column_text][\/vc_column_inner][vc_column_inner width=&#8221;1\/3&#8243;][vc_single_image image=&#8221;2393&#8243; img_size=&#8221;full&#8221; alignment=&#8221;center&#8221;][vc_column_text]<\/p>\n<p style=\"text-align: center;\">Entregas a domicilio u oficina<\/p>\n<p>[\/vc_column_text][\/vc_column_inner][vc_column_inner width=&#8221;1\/3&#8243;][vc_single_image image=&#8221;2368&#8243; img_size=&#8221;full&#8221; alignment=&#8221;center&#8221;][vc_column_text]<\/p>\n<p style=\"text-align: center;\">Informes de estados de carga<\/p>\n<p>[\/vc_column_text][\/vc_column_inner][\/vc_row_inner][\/vc_column][\/vc_row][vc_row height=&#8221;auto&#8221; css=&#8221;.vc_custom_1525377159534{padding-top: 30px !important;}&#8221;][vc_column]<div class=\"ult-spacer spacer-69f5fc9516973\" data-id=\"69f5fc9516973\" data-height=\"30\" data-height-mobile=\"30\" data-height-tab=\"30\" data-height-tab-portrait=\"\" data-height-mobile-landscape=\"\" style=\"clear:both;display:block;\"><\/div>[vc_column_text css=&#8221;.vc_custom_1582053811918{margin-bottom: 25px !important;}&#8221;]<\/p>\n<h2 style=\"text-align: center;\">AEROBOX VS. OTRAS EMPRESAS<\/h2>\n<p style=\"text-align: center;\">La siguiente tabla comparativa refleja las diferencias de trabajar con Aerobox vs. otra empresas.<\/p>\n<p>[\/vc_column_text][\/vc_column][\/vc_row][vc_row css=&#8221;.vc_custom_1500619189047{padding-top: 80px !important;padding-bottom: 40px !important;}&#8221;][vc_column offset=&#8221;vc_col-lg-4 vc_col-md-4&#8243;]<div class=\"fh-price-table bottomhidden\">\r\n\t\t\t<div class=\"table-header\">\r\n\t\t\t\t<h3 class=\"plan-name\">Empresa Tienda<\/h3>\r\n\t\t\t\t<div class=\"pricing\">\r\n\t\t\t\t\t<div class=\"price-box\">\r\n\t\t\t\t\t\t<span class=\"currency\"><\/span>50%<div class=\"unit\"><\/div>\r\n\t\t\t\t\t<\/div>\r\n\t\t\t\t<\/div>\r\n\t\t\t\t<div class=\"desc\">menos conveniente<\/div>\r\n\t\t\t<\/div>\r\n\t\t\t<div class=\"table-content\">\r\n\t\t\t\t<ul><li><span class=\"feature-name\">Registro gratis<\/span><\/li><li><span class=\"feature-name\">Cada compra cuenta como 1 env\u00edo<\/span><\/li><li><span class=\"feature-name\">Entrega en 20 d\u00edas<\/span><\/li><li><span class=\"feature-name\">Seguro de compras<\/span><\/li><li><span class=\"feature-name\">Asesor\u00eda por call center<\/span><\/li><li><span class=\"feature-name\">Entrega en la puerta de tu casa<\/span><\/li><li><span class=\"feature-name\">Informes de estados de carga<\/span><\/li><\/ul>\r\n\t\t\t\t<a href=\"\" target=\"\" rel=\"\" title=\"\" class=\"fh-btn button\"><\/a>\r\n\t\t\t<\/div>\r\n\t\t<\/div>[\/vc_column][vc_column offset=&#8221;vc_col-lg-4 vc_col-md-4&#8243;]<div class=\"fh-price-table  promoted\">\r\n\t\t\t<div class=\"table-header\">\r\n\t\t\t\t<h3 class=\"plan-name\">Aerobox<\/h3>\r\n\t\t\t\t<div class=\"pricing\">\r\n\t\t\t\t\t<div class=\"price-box\">\r\n\t\t\t\t\t\t<span class=\"currency\"><\/span>100%<div class=\"unit\"><\/div>\r\n\t\t\t\t\t<\/div>\r\n\t\t\t\t<\/div>\r\n\t\t\t\t<div class=\"desc\">conveniente<\/div>\r\n\t\t\t<\/div>\r\n\t\t\t<div class=\"table-content\">\r\n\t\t\t\t<ul><li><span class=\"feature-name\">Registro y cuenta GRATIS<\/span><\/li><li><span class=\"feature-name\">Todas tus compras cuentan como 1 env\u00edo<\/span><\/li><li><span class=\"feature-name\">(Consolidamos)<\/span><\/li><li><span class=\"feature-name\">Entrega en 4 d\u00edas<\/span><\/li><li><span class=\"feature-name\">Seguro de compras<\/span><\/li><li><span class=\"feature-name\">Servicio Express<\/span><\/li><li><span class=\"feature-name\">Asesor\u00eda sin cargo con horario de atenci\u00f3n<\/span><\/li><li><span class=\"feature-name\">extendido GRATIS<\/span><\/li><li><span class=\"feature-name\">Entrega en la puerta de tu casa<\/span><\/li><li><span class=\"feature-name\">Informes de estados de carga<\/span><\/li><li><span class=\"feature-name\">Atenci\u00f3n especial para PyMES<\/span><\/li><li><span class=\"feature-name\">Servicio de Recepci\u00f3n y manejo de carga con bodega propia en China con A\u00e9reas en 13 a 15 d\u00edas.<\/span><\/li><li><span class=\"feature-name\">Entregas de 5 a 8 d\u00edas H\u00e1biles con Servicio de carga Express y Standard.<\/span><\/li><li><span class=\"feature-name\">Plan Cero Volumen no cobramos por el tama\u00f1o de su paquete<\/span><\/li><li><span class=\"feature-name\">Paga tus env\u00edos con extra financiamiento de BAC hasta 6 meses sin intereses <\/span><\/li><li><span class=\"feature-name\">Servicios Aduanales<\/span><\/li><li><span class=\"feature-name\">Almacenaje Gratis <\/span><\/li><li><span class=\"feature-name\">Agencia Aduanera y Consolidadora  de Carga<\/span><\/li><\/ul>\r\n\t\t\t\t<a href=\"https:\/\/aeroboxhn.logisticainbox.com\/jc_registro.php\" target=\" _blank\" rel=\"\" title=\"\" class=\"fh-btn button\">REGISTRATE<\/a>\r\n\t\t\t<\/div>\r\n\t\t<\/div>[\/vc_column][vc_column offset=&#8221;vc_col-lg-4 vc_col-md-4&#8243;]<div class=\"fh-price-table bottomhidden\">\r\n\t\t\t<div class=\"table-header\">\r\n\t\t\t\t<h3 class=\"plan-name\">Otros Couriers<\/h3>\r\n\t\t\t\t<div class=\"pricing\">\r\n\t\t\t\t\t<div class=\"price-box\">\r\n\t\t\t\t\t\t<span class=\"currency\"><\/span>80%<div class=\"unit\"><\/div>\r\n\t\t\t\t\t<\/div>\r\n\t\t\t\t<\/div>\r\n\t\t\t\t<div class=\"desc\">menos conveniente<\/div>\r\n\t\t\t<\/div>\r\n\t\t\t<div class=\"table-content\">\r\n\t\t\t\t<ul><li><span class=\"feature-name\">Registro gratis<\/span><\/li><li><span class=\"feature-name\">Cada compra cuenta como 1 env\u00edo<\/span><\/li><li><span class=\"feature-name\">Entrega en 25 d\u00edas<\/span><\/li><li><span class=\"feature-name\">Asesor\u00eda por call center<\/span><\/li><li><span class=\"feature-name\">Entrega en la puerta de tu casa<\/span><\/li><li><span class=\"feature-name\">Informes de estados de carga<\/span><\/li><li><span class=\"feature-name\">mas de 40 d\u00edas desde china y doble costo de flete<\/span><\/li><li><span class=\"feature-name\">no ofrecen servicio consolidan o reempaque<\/span><\/li><li><span class=\"feature-name\">entrega de 15 a 20 d\u00edas<\/span><\/li><li><span class=\"feature-name\">cobro por volumen<\/span><\/li><li><span class=\"feature-name\">sin entregas a domicilio <\/span><\/li><li><span class=\"feature-name\">cobro extra por almacenaje<\/span><\/li><li><span class=\"feature-name\">sin informaci\u00f3n en tiempo real<\/span><\/li><\/ul>\r\n\t\t\t\t<a href=\"\" target=\"\" rel=\"\" title=\"\" class=\"fh-btn button\"><\/a>\r\n\t\t\t<\/div>\r\n\t\t<\/div>[\/vc_column][\/vc_row]<\/p>\n","protected":false},"excerpt":{"rendered":"<p>[vc_row bg_type=&#8221;bg_color&#8221; bg_color_value=&#8221;#feb848&#8243;][vc_column offset=&#8221;vc_hidden-lg vc_hidden-md vc_hidden-sm&#8221;][vc_column_text] [\/vc_column_text][vc_empty_space height=&#8221;10px&#8221;][\/vc_column][\/vc_row][vc_row css=&#8221;.vc_custom_1503376024695{padding-top: 66px !important;padding-bottom: 60px !important;}&#8221;][vc_column offset=&#8221;vc_col-lg-4 vc_col-md-4&#8243; css=&#8221;.vc_custom_1503376029710{padding-bottom: 20px !important;}&#8221;][vc_empty_space height=&#8221;14px&#8221;][vc_single_image image=&#8221;2541&#8243;&hellip;<\/p>\n","protected":false},"author":1,"featured_media":0,"parent":0,"menu_order":0,"comment_status":"closed","ping_status":"closed","template":"template-fullwidth.php","meta":{"footnotes":""},"class_list":["post-2123","page","type-page","status-publish","hentry","no-thumb"],"_links":{"self":[{"href":"https:\/\/aerobox.com\/hn\/wp-json\/wp\/v2\/pages\/2123"}],"collection":[{"href":"https:\/\/aerobox.com\/hn\/wp-json\/wp\/v2\/pages"}],"about":[{"href":"https:\/\/aerobox.com\/hn\/wp-json\/wp\/v2\/types\/page"}],"author":[{"embeddable":true,"href":"https:\/\/aerobox.com\/hn\/wp-json\/wp\/v2\/users\/1"}],"replies":[{"embeddable":true,"href":"https:\/\/aerobox.com\/hn\/wp-json\/wp\/v2\/comments?post=2123"}],"version-history":[{"count":25,"href":"https:\/\/aerobox.com\/hn\/wp-json\/wp\/v2\/pages\/2123\/revisions"}],"predecessor-version":[{"id":2668,"href":"https:\/\/aerobox.com\/hn\/wp-json\/wp\/v2\/pages\/2123\/revisions\/2668"}],"wp:attachment":[{"href":"https:\/\/aerobox.com\/hn\/wp-json\/wp\/v2\/media?parent=2123"}],"curies":[{"name":"wp","href":"https:\/\/api.w.org\/{rel}","templated":true}]}}